{"id":1375,"date":"2019-04-24T15:00:02","date_gmt":"2019-04-24T13:00:02","guid":{"rendered":"http:\/\/publikationen.zhdk.ch\/?post_type=product&#038;p=1375"},"modified":"2023-02-02T10:23:39","modified_gmt":"2023-02-02T09:23:39","slug":"artists-in-labs-processes-of-inquiry-ebook","status":"publish","type":"product","link":"https:\/\/publikationen.zhdk.ch\/?product=artists-in-labs-processes-of-inquiry-ebook","title":{"rendered":"artists-in-labs. Processes of Inquiry | Jill Scott (ed.) [E-Book PDF]"},"content":{"rendered":"<p>This book verifies the need for the arts and the sciences to work together in order to develop more creative and conceptual approaches to innovation and presentation. By blending ethnographical case studies, scientific viewpoints and critical essays, the focus of this research inquiry is the lab context. For scientists, the lab context is one of the most important educational experiences. For contemporary artists, laboratories are inspiring spaces to investigate, share know-how transfer and search for new collaboration potentials. The nine labs represented in this book are from the natural, computing and engineering sciences. An enclosed comprehensive DVD documents the results, the problems and serves as a guideline for the future of true Art\/Sci experiments.<\/p>\n<p><span class=\"description\">ZHdK: Institute for Cultural Studies in the Arts (ICS)<\/span><\/p>\n","protected":false},"excerpt":{"rendered":"<p>Dieses Buch weist nach, dass es die K\u00fcnste und die Wissenschaften braucht, um mehr kreative und konzeptuelle Ans\u00e4tze in den Bereichen Innovation und Pr\u00e4sentation zu entwickeln. Der Fokus dieser Forschungsumfrage liegt durch die Vermischung von ethnografischen Fallstudien, wissenschaftlichen Standpunkten und kritischen Essays auf dem Lab-Kontext. F\u00fcr Wissenschaftler ist der Lab-Kontext eine der wichtigsten edukatorischen Erfahrungen. F\u00fcr heutige K\u00fcnstler sind Labors inspirierende R\u00e4ume, um zu forschen, Know-how auszutauschen und nach neuen M\u00f6glichkeiten der Zusammenarbeit zu suchen.<\/p>\n<p>134 Seiten (PDF), Springer, 2006<br \/>\nISBN 3-211-38072-8<\/p>\n","protected":false},"featured_media":1377,"template":"","meta":[],"product_brand":[],"product_cat":[151,221,1514,1014,681],"product_tag":[799,813],"class_list":{"0":"post-1375","1":"product","2":"type-product","3":"status-publish","4":"has-post-thumbnail","6":"product_cat-ics","7":"product_cat-e-books","8":"product_cat-e-publikationen","9":"product_cat-open-access","10":"product_cat-scott-jill","11":"product_tag-interdisziplinaritaet","12":"product_tag-open-access","14":"first","15":"instock","16":"shipping-taxable","17":"product-type-external"},"_links":{"self":[{"href":"https:\/\/publikationen.zhdk.ch\/index.php?rest_route=\/wp\/v2\/product\/1375","targetHints":{"allow":["GET"]}}],"collection":[{"href":"https:\/\/publikationen.zhdk.ch\/index.php?rest_route=\/wp\/v2\/product"}],"about":[{"href":"https:\/\/publikationen.zhdk.ch\/index.php?rest_route=\/wp\/v2\/types\/product"}],"version-history":[{"count":5,"href":"https:\/\/publikationen.zhdk.ch\/index.php?rest_route=\/wp\/v2\/product\/1375\/revisions"}],"predecessor-version":[{"id":3050,"href":"https:\/\/publikationen.zhdk.ch\/index.php?rest_route=\/wp\/v2\/product\/1375\/revisions\/3050"}],"wp:featuredmedia":[{"embeddable":true,"href":"https:\/\/publikationen.zhdk.ch\/index.php?rest_route=\/wp\/v2\/media\/1377"}],"wp:attachment":[{"href":"https:\/\/publikationen.zhdk.ch\/index.php?rest_route=%2Fwp%2Fv2%2Fmedia&parent=1375"}],"wp:term":[{"taxonomy":"product_brand","embeddable":true,"href":"https:\/\/publikationen.zhdk.ch\/index.php?rest_route=%2Fwp%2Fv2%2Fproduct_brand&post=1375"},{"taxonomy":"product_cat","embeddable":true,"href":"https:\/\/publikationen.zhdk.ch\/index.php?rest_route=%2Fwp%2Fv2%2Fproduct_cat&post=1375"},{"taxonomy":"product_tag","embeddable":true,"href":"https:\/\/publikationen.zhdk.ch\/index.php?rest_route=%2Fwp%2Fv2%2Fproduct_tag&post=1375"}],"curies":[{"name":"wp","href":"https:\/\/api.w.org\/{rel}","templated":true}]}}