{"id":1369,"date":"2019-04-24T14:40:24","date_gmt":"2019-04-24T12:40:24","guid":{"rendered":"http:\/\/publikationen.zhdk.ch\/?post_type=product&#038;p=1369"},"modified":"2023-02-02T10:26:07","modified_gmt":"2023-02-02T09:26:07","slug":"sound-art-zwischen-avantgarde-und-popkultur","status":"publish","type":"product","link":"https:\/\/publikationen.zhdk.ch\/?product=sound-art-zwischen-avantgarde-und-popkultur","title":{"rendered":"Sound Art. Zwischen Avantgarde und Popkultur | Anne Thurmann-Jajes, Sabine Breitsameter, Winfried Pauleit (Hg.)"},"content":{"rendered":"<p>Die Publikation \u201eSound Art \u2013 Zwischen Avantgarde und Popkultur\u201c dokumentiert die internationale Tagung, die vom 30. September bis 2. Oktober 2005 im Rahmen des Ausstellungsprojektes zur Sound Art im Neuen Museum Weserburg Bremen stattfand. Dieses umfasste, neben der Ausstellung \u201eVinyl. Records and Covers by Artists\u201d, eine Film- und Konzertreihe zum Thema Klangkunst.<\/p>\n<p>Die Tagung diente der wissenschaftlichen Aufarbeitung des Sujets \u201eSound Art\u201c, die sich, laut des Vorworts der Herausgeber \u201eim Grenzbereich von Literatur, Kunst, Musik, Radio und Film\u201c bewegt. Der Band enth\u00e4lt elf Beitr\u00e4ge international renommierter Musik-, Kunst- und Medienwissenschaftler, Radioredakteure und Komponisten zum Thema Klangkunst. Die Autorinnen und Autoren reflektieren in unterschiedlichen Ans\u00e4tzen die interdisziplin\u00e4ren Aspekte der Sound Art, die in Form der Medien Schallplatte und Tonbandaufzeichnung, Partituren, Radio- und Fernsehsendungen sowie Internetstreams die \u00d6ffentlichkeit erreicht. Dabei zeichnen sie die Entwicklung der Klangkunst zur Zeit der Russischen Avantgarde, des Futurismus und Dadaismus am Anfang des 20. Jahrhunderts nach. Sie untersuchen auch den Zusammenhang der Sound Art mit den intermedialen Tendenzen von Fluxus, der Neuen und Elektronischen Musik, Konkreten Poesie, der Klanggestaltung im Film sowie ihren Einfluss auf das in den 1990ern viel diskutierte Crossover von Musik und Kunst. Herausgeber des Buches sind Anne Thurmann-Jajes, Leiterin des Studienzentrums f\u00fcr K\u00fcnstlerpublikationen im Neuen Museum Weserburg Bremen, die Berliner Radioredakteurin und Kuratorin Sabine Breitsameter sowie Winfried Pauleit, Kunst- und Filmwissenschaftler an der Universit\u00e4t Bremen. Dem Buch \u201eSound Art\u201c liegt eine Audio-CD mit 17 ausgew\u00e4hlten H\u00f6rbeispielen bei. Z. B. Ausz\u00fcge aus Vladimir Majakovskijs Gedichtdeklamationen, Kurt Schwitters Vortrag seiner \u201eUrsonate\u201c, aktuelle Klangexperimente aus dem Bereich der Radiokunst sowie Ausschnitte aus Luc Bessons Film \u201eThe Fifth Element\u201c von 1997.<\/p>\n<p>Die Textbeitr\u00e4ge diskutieren die Stellung der Klangkunst im musikwissenschaftlichen Diskurs, der Entschl\u00fcsselung von Signalen zwischen Bild und Klang, geben einen Einblick in Kunstwerke, die allein f\u00fcr das Radio konzipiert wurden und zeugen von einem erweiterten Verst\u00e4ndnis dieses Mediums und seinen M\u00f6glichkeiten. Sound Art wird als \u201edie permanente Erweiterung der Wahrnehmung akustischer Ph\u00e4nomene und Experimente, die sich jeder Zuordnung entziehen\u201c definiert.<\/p>\n<p>H\u00f6rbeispiele auf der CD \/ Audio Examples on CD<\/p>\n<p>l Vladimir Majakovskij: H\u00f6ren Sie zu!, 0\u201959<br \/>\n2 Alexander Blok: Tapferkeit, Siege und Ruhm\u2026, 1\u201948\u201c<br \/>\n3 Kurt Schwitters: Ursonate, 1922-1932, Einleitung, 0\u201943\u201c<br \/>\n4 Kurt Schwitters: Ursonate, Teil 3, 2\u201944\u201c<br \/>\n5 Raoul Hausmann: Soundrel, 1919, 4\u201923\u201c<br \/>\n6 Raoul Hausmann: Conversation imagee avec les lettristes, 7\u201905\u201c<br \/>\n7 Antonin Artaud: Pour en finir avec le jugement de dieu\/<br \/>\nSchluss mit dem Gottesgericht, 1947, Ausschnitt, 2\u201920\u201c<br \/>\n8 Herbert Eimert: Epitaph f\u00fcr Aikichi Kuboyama, 1\u201934\u201c<br \/>\n9 Sten Hanson: Dance Figure (for EP), 1969, 1\u201957\u201c<br \/>\n10 Sten Hanson: OUHM, 1973, 1\u201908\u201c<br \/>\n11 Horizontal Radio: Ausschnitt, Mix von Rupert Huber, 2\u201921\u201c<br \/>\n12 Andrew Garton: The Spectrum Wars, 3\u201907\u201c<br \/>\n13 Radioqualia: Radio Astronomy, 3\u201901\u201c<br \/>\n14 Re-Inventing Radio: Streams from the Network, Mix von Rupert Huber, 2\u201941\u201c<br \/>\n15 Audiomobile Vienna 05: Mix von Matt Smith, 3\u201934\u201c<br \/>\n16 The Fifth Element: Ausschnitt I, Regie: Luc Besson, 1997, Musik: Eric Serra, Sound Design: Mark A. Mangini, 2\u201935\u201c<br \/>\n17 The Fifth Element: Ausschnitt II, 0\u201919\u201c<\/p>\n<p>Gesamtdauer: 42\u201928\u2033\u201c<\/p>\n<p><span class=\"description\">ZHdK: Institute for Cultural Studies in the Arts (ICS)<\/span><\/p>\n","protected":false},"excerpt":{"rendered":"<p>Band 3 der Schriftenreihe geht mit elf Beitr\u00e4gen internationaler Musik-, Kunst- und Medienwissenschaftler*innen, Radioredakteur*innen und Komponist*innen unterschiedlichen Ans\u00e4tzen und historischen Bewegungen der Klangkunst nach. Die Autor*innen reflektieren in unterschiedlichen Ans\u00e4tzen die interdisziplin\u00e4ren Aspekte der Sound Art, die in Form der Medien Schallplatte und Tonbandaufzeichnung, Partituren, Radio- und Fernsehsendungen sowie Internetstreams die \u00d6ffentlichkeit erreicht. Dabei zeichnen sie die Entwicklung der Klangkunst zur Zeit der Russischen Avantgarde, des Futurismus und Dadaismus am Anfang des 20. Jahrhunderts nach.<\/p>\n<p>Schriftenreihe f\u00fcr K\u00fcnstlerpublikationen Band 3<\/p>\n<p>240 Seiten,\u00a0Salon-Verlag, 2007<br \/>\nISBN 978-3-89770-259-2<\/p>\n","protected":false},"featured_media":1371,"template":"","meta":[],"product_brand":[],"product_cat":[771,151,773,713],"product_tag":[],"class_list":{"0":"post-1369","1":"product","2":"type-product","3":"status-publish","4":"has-post-thumbnail","6":"product_cat-breitsameter-sabine","7":"product_cat-ics","8":"product_cat-pauleit-winfried","9":"product_cat-thurmann-jajes-anne","11":"first","12":"instock","13":"shipping-taxable","14":"product-type-external"},"_links":{"self":[{"href":"https:\/\/publikationen.zhdk.ch\/index.php?rest_route=\/wp\/v2\/product\/1369","targetHints":{"allow":["GET"]}}],"collection":[{"href":"https:\/\/publikationen.zhdk.ch\/index.php?rest_route=\/wp\/v2\/product"}],"about":[{"href":"https:\/\/publikationen.zhdk.ch\/index.php?rest_route=\/wp\/v2\/types\/product"}],"version-history":[{"count":3,"href":"https:\/\/publikationen.zhdk.ch\/index.php?rest_route=\/wp\/v2\/product\/1369\/revisions"}],"predecessor-version":[{"id":3052,"href":"https:\/\/publikationen.zhdk.ch\/index.php?rest_route=\/wp\/v2\/product\/1369\/revisions\/3052"}],"wp:featuredmedia":[{"embeddable":true,"href":"https:\/\/publikationen.zhdk.ch\/index.php?rest_route=\/wp\/v2\/media\/1371"}],"wp:attachment":[{"href":"https:\/\/publikationen.zhdk.ch\/index.php?rest_route=%2Fwp%2Fv2%2Fmedia&parent=1369"}],"wp:term":[{"taxonomy":"product_brand","embeddable":true,"href":"https:\/\/publikationen.zhdk.ch\/index.php?rest_route=%2Fwp%2Fv2%2Fproduct_brand&post=1369"},{"taxonomy":"product_cat","embeddable":true,"href":"https:\/\/publikationen.zhdk.ch\/index.php?rest_route=%2Fwp%2Fv2%2Fproduct_cat&post=1369"},{"taxonomy":"product_tag","embeddable":true,"href":"https:\/\/publikationen.zhdk.ch\/index.php?rest_route=%2Fwp%2Fv2%2Fproduct_tag&post=1369"}],"curies":[{"name":"wp","href":"https:\/\/api.w.org\/{rel}","templated":true}]}}