{"id":1361,"date":"2019-04-24T14:30:47","date_gmt":"2019-04-24T12:30:47","guid":{"rendered":"http:\/\/publikationen.zhdk.ch\/?post_type=product&#038;p=1361"},"modified":"2022-04-19T14:11:57","modified_gmt":"2022-04-19T12:11:57","slug":"schnittstellen","status":"publish","type":"product","link":"https:\/\/publikationen.zhdk.ch\/?product=schnittstellen","title":{"rendered":"Schnittstellen | Sigrid Schade, Thomas Sieber, Christoph Georg Tholen (Hg.)"},"content":{"rendered":"<p>Die Basler Beitr\u00e4ge zur Medienwissenschaft versammeln historische und systematische Untersuchungen zur Funktion der Medien im gesellschaftlichen, kulturellen und \u00e4sthetischen Diskurs. Unter dem Leitgedanken der Intermedialit\u00e4t soll die dynamische Entwicklung von den klassischen Massenmedien bis zu den zeitgen\u00f6ssischen digitalen Medien in den Vordergrund gestellt werden.<\/p>\n<p><span class=\"description\">ZHdK: Institute for Cultural Studies in the Arts (ICS)<\/span><\/p>\n","protected":false},"excerpt":{"rendered":"<p>Schnittstellen sind Grenzlinien bzw. Verbindungspunkte zwischen digitalen und analogen Medien. Aber auch sichtbare Wunden oder Spuren, die dem K\u00f6rper, der Psyche und dem kulturellen Ged\u00e4chtnis eingeschrieben sind. Schnittstellen &#8211; im medienhistorischen Sinne &#8211; markieren Z\u00e4suren in der Weltaneignung, die sich im Feld der Technik, der Wahrnehmung und der Kultur beobachten lassen. Durch Themenfelder wie Intermedialit\u00e4t, Netzkulturen sowie digitale Archive und Ged\u00e4chtniskulturen wird die Auswirkung auf \u00f6konomische, kulturelle und \u00e4sthetische Prozesse und Perspektiven sichtbar. Der Band versammelt ausgew\u00e4hlte Beitr\u00e4ge des 1. Basler Kongresses f\u00fcr Medienwissenschaft, der vom 20. bis 23 Juni 2002 in Basel stattfand.<\/p>\n<p>Basler Beitr\u00e4ge zur Medienwissenschaft Band 1<\/p>\n<p>701 Seiten,\u00a0Schwabe Verlag, 2005<br \/>\nISBN 978-3-7965-2150-8<\/p>\n","protected":false},"featured_media":1363,"template":"","meta":[],"product_brand":[],"product_cat":[151,267,381,775],"product_tag":[],"class_list":{"0":"post-1361","1":"product","2":"type-product","3":"status-publish","4":"has-post-thumbnail","6":"product_cat-ics","7":"product_cat-schade-sigrid","8":"product_cat-sieber-thomas","9":"product_cat-tholen-georg-christoph","11":"first","12":"instock","13":"shipping-taxable","14":"product-type-external"},"_links":{"self":[{"href":"https:\/\/publikationen.zhdk.ch\/index.php?rest_route=\/wp\/v2\/product\/1361","targetHints":{"allow":["GET"]}}],"collection":[{"href":"https:\/\/publikationen.zhdk.ch\/index.php?rest_route=\/wp\/v2\/product"}],"about":[{"href":"https:\/\/publikationen.zhdk.ch\/index.php?rest_route=\/wp\/v2\/types\/product"}],"version-history":[{"count":3,"href":"https:\/\/publikationen.zhdk.ch\/index.php?rest_route=\/wp\/v2\/product\/1361\/revisions"}],"predecessor-version":[{"id":3054,"href":"https:\/\/publikationen.zhdk.ch\/index.php?rest_route=\/wp\/v2\/product\/1361\/revisions\/3054"}],"wp:featuredmedia":[{"embeddable":true,"href":"https:\/\/publikationen.zhdk.ch\/index.php?rest_route=\/wp\/v2\/media\/1363"}],"wp:attachment":[{"href":"https:\/\/publikationen.zhdk.ch\/index.php?rest_route=%2Fwp%2Fv2%2Fmedia&parent=1361"}],"wp:term":[{"taxonomy":"product_brand","embeddable":true,"href":"https:\/\/publikationen.zhdk.ch\/index.php?rest_route=%2Fwp%2Fv2%2Fproduct_brand&post=1361"},{"taxonomy":"product_cat","embeddable":true,"href":"https:\/\/publikationen.zhdk.ch\/index.php?rest_route=%2Fwp%2Fv2%2Fproduct_cat&post=1361"},{"taxonomy":"product_tag","embeddable":true,"href":"https:\/\/publikationen.zhdk.ch\/index.php?rest_route=%2Fwp%2Fv2%2Fproduct_tag&post=1361"}],"curies":[{"name":"wp","href":"https:\/\/api.w.org\/{rel}","templated":true}]}}