{"id":1349,"date":"2019-04-24T14:23:58","date_gmt":"2019-04-24T12:23:58","guid":{"rendered":"http:\/\/publikationen.zhdk.ch\/?post_type=product&#038;p=1349"},"modified":"2022-04-19T14:11:31","modified_gmt":"2022-04-19T12:11:31","slug":"buch%e2%80%89-%e2%80%89medium%e2%80%89-%e2%80%89fotografie","status":"publish","type":"product","link":"https:\/\/publikationen.zhdk.ch\/?product=buch%e2%80%89-%e2%80%89medium%e2%80%89-%e2%80%89fotografie","title":{"rendered":"Buch\u2009-\u2009Medium\u2009-\u2009Fotografie | Sigrid Schade, Anne Thurmann-Jajes (Hg.)"},"content":{"rendered":"<p>Bei den in diesem Band versammelten Beitr\u00e4gen handelt es sich \u2013 bis auf den Beitrag von Robert Rainwater \u2013 um die \u00fcberarbeiteten Vortr\u00e4ge zur Tagung, die im Februar 2003 anl\u00e4sslich der Ausstellung \u00bbars photographica\u00ab im Neuen Museum Weserburg Bremen stattfand. Die \u00bbSchriftenreihe f\u00fcr K\u00fcnstlerpublikationen \u00ab wird herausgegeben von der Universit\u00e4t Bremen, der Forschungsstelle Osteuropa und dem Neuen Museum Weserburg Bremen. Sie wurde als Plattform gegr\u00fcndet, um neueste Forschungen zu den historischen Kontexten, den Konzepten und den interdisziplin\u00e4ren und transmedialen Erscheinungsformen von K\u00fcnstlerpublikationen zu vermitteln. Band 1 erscheint in Kooperation mit dem Institut Cultural Studies in Art, Media and Design an der Hochschule f\u00fcr Gestaltung und Kunst Z\u00fcrich.<\/p>\n<p>Die AutorInnen des ersten Bandes untersuchen das Verh\u00e4ltnis von Buch und Fotografie im Medium K\u00fcnstlerpublikation. Die Diskussionen umfassen Avantgarde- und Mediendiskurse, die Konzeptualit\u00e4t des Fotografischen sowie Narrationen und narrative Strategien in verschiedenen K\u00fcnstlerb\u00fcchern. Der Begriff \u00bbMedium\u00ab wird als Scharnier aufgefasst, \u00fcber das sich unterschiedliche Fragen an K\u00fcnstlerb\u00fccher miteinander verkn\u00fcpfen lassen.<\/p>\n<p>Die Beitr\u00e4ge behandeln Arbeiten von Carl Andr\u00e9, Mel Bochner, Katharina Bosse, Michel Duquette, Gy\u00f6rgy Gal\u00e1ntai, Nan Goldin, Delia Keller, Martin Kippenberger, Jaroslaw Kozlowski, Zoe Leonhardt, Sol LeWitt, Richard Long, Katharina Meyer, J\u00f3zef Robakowski, Zbigniew Rybczynski, Ed Ruscha u.a.<\/p>\n<p>Mit Texten von Klaus Honnef, Barbara Lange, Lech Lechowicz, Robert Rainwater, Sigrid Schade, Abigail Solomon-Godeau, Anne Thurmann-Jajes und Herta Wolf.<\/p>\n<p><span class=\"description\">ZHdK: Institute for Cultural Studies in the Arts (ICS)<\/span><\/p>\n","protected":false},"excerpt":{"rendered":"<p>Band 1 der Schriftenreihe untersucht in unterschiedlichen Beitr\u00e4gen das Verh\u00e4ltnis zwischen Buch und Fotografie innerhalb des Mediums der K\u00fcnstlerpublikation. Die Diskussionen umfassen Avantgarde- und Mediendiskurse, die Konzeptualit\u00e4t des Fotografischen sowie Narrationen und narrative Strategien in verschiedenen K\u00fcnstlerb\u00fcchern. Die \u00ab\u200aSchriftenreihe f\u00fcr K\u00fcnstlerpublikationen\u200a\u00bb\u200a wurde als Plattform gegr\u00fcndet, um neueste Forschungen zu den historischen Kontexten, den Konzepten und den interdisziplin\u00e4ren und transmedialen Erscheinungsformen von K\u00fcnstlerpublikationen zu vermitteln.<\/p>\n<p>Schriftenreihe f\u00fcr K\u00fcnstlerpublikationen Band 1<\/p>\n<p>224 Seiten,\u00a0Salon Verlag, 2004<br \/>\nISBN 978-3-89770-223-3<\/p>\n","protected":false},"featured_media":1351,"template":"","meta":[],"product_brand":[],"product_cat":[151,267,713],"product_tag":[],"class_list":{"0":"post-1349","1":"product","2":"type-product","3":"status-publish","4":"has-post-thumbnail","6":"product_cat-ics","7":"product_cat-schade-sigrid","8":"product_cat-thurmann-jajes-anne","10":"first","11":"instock","12":"shipping-taxable","13":"product-type-external"},"_links":{"self":[{"href":"https:\/\/publikationen.zhdk.ch\/index.php?rest_route=\/wp\/v2\/product\/1349","targetHints":{"allow":["GET"]}}],"collection":[{"href":"https:\/\/publikationen.zhdk.ch\/index.php?rest_route=\/wp\/v2\/product"}],"about":[{"href":"https:\/\/publikationen.zhdk.ch\/index.php?rest_route=\/wp\/v2\/types\/product"}],"version-history":[{"count":3,"href":"https:\/\/publikationen.zhdk.ch\/index.php?rest_route=\/wp\/v2\/product\/1349\/revisions"}],"predecessor-version":[{"id":3056,"href":"https:\/\/publikationen.zhdk.ch\/index.php?rest_route=\/wp\/v2\/product\/1349\/revisions\/3056"}],"wp:featuredmedia":[{"embeddable":true,"href":"https:\/\/publikationen.zhdk.ch\/index.php?rest_route=\/wp\/v2\/media\/1351"}],"wp:attachment":[{"href":"https:\/\/publikationen.zhdk.ch\/index.php?rest_route=%2Fwp%2Fv2%2Fmedia&parent=1349"}],"wp:term":[{"taxonomy":"product_brand","embeddable":true,"href":"https:\/\/publikationen.zhdk.ch\/index.php?rest_route=%2Fwp%2Fv2%2Fproduct_brand&post=1349"},{"taxonomy":"product_cat","embeddable":true,"href":"https:\/\/publikationen.zhdk.ch\/index.php?rest_route=%2Fwp%2Fv2%2Fproduct_cat&post=1349"},{"taxonomy":"product_tag","embeddable":true,"href":"https:\/\/publikationen.zhdk.ch\/index.php?rest_route=%2Fwp%2Fv2%2Fproduct_tag&post=1349"}],"curies":[{"name":"wp","href":"https:\/\/api.w.org\/{rel}","templated":true}]}}