{"id":1333,"date":"2019-04-24T14:07:43","date_gmt":"2019-04-24T12:07:43","guid":{"rendered":"http:\/\/publikationen.zhdk.ch\/?post_type=product&#038;p=1333"},"modified":"2023-02-02T09:57:47","modified_gmt":"2023-02-02T08:57:47","slug":"transdiscourse-2","status":"publish","type":"product","link":"https:\/\/publikationen.zhdk.ch\/?product=transdiscourse-2","title":{"rendered":"Transdiscourse 2: Turbulence and Reconstruction | Jill Scott (Hg.)"},"content":{"rendered":"<p>Turbulence and Reconstruction ist eine Anthologie von k\u00fcnstlerischen und wissenschaftlichen Sichtweisen auf unsere Gesellschaft. Die Autoren gehen davon aus, dass Kunst und Wissenschaft produktive Denkr\u00e4ume bieten und uns dazu ermutigen, neue Konzepte und Kategorisierungen zu entwickeln, die Potenziale freisetzen und von denen wir in Zukunft profitieren k\u00f6nnen.Wesentlich dabei ist, dass die alten Grenzen zwischen den Disziplinen \u00fcberwunden und die wechselseitige Wirkung von Technologie und Realit\u00e4t diskutiert werden kann.Turbulenz und Wiederaufbau sind Prozesse, die nicht nur Darstellung, Kategorien, urbane Lebensr\u00e4ume und Energieverbrauch betreffen, sondern auch unsere Beziehung zu Medien und Technologien &#8211; und damit zur digitalen Ideologie von Interaktion und Substitution.<\/p>\n<p>Cultural Studies: An anthology of viewpoints on society from the arts and the sciences<\/p>\n<p><span class=\"description\">ZHdK: Institute for Cultural Studies in the Arts (ICS)<\/span><\/p>\n","protected":false},"excerpt":{"rendered":"<p>Die Autorinnen und Autoren dieses Buches erachten die K\u00fcnste und die Wissenschaften als wirkungsvolle R\u00e4ume, um das \u00f6ffentliche Bewusstsein zu wecken und uns aufzufordern, veraltete Vorstellungen von Repr\u00e4sentation und Kategorisierung neu zu denken und neue M\u00f6glichkeiten zu schaffen, wie die Konstruktionen der Zukunft unsere Umwelt und unser \u00dcberleben positiv beeinflussen k\u00f6nnten. Turbulence and Reconstruction (Turbulenz und Rekonstruktion) sind Prozesse, die sich nicht nur auf unsere Repr\u00e4sentation und Kategorisierung, unsere Konstruktionen f\u00fcr die Landwirtschaft, die urbane Natur und den Energiekonsum, sondern auch auf unsere Beziehungen zu den Medien und zur Technologie auswirken \u2013 die virtuellen, digitalen Ideologien von Interaktion und Substitution.<\/p>\n<p>240 Seiten,\u00a0De Gruyter, 2016<br \/>\nISBN 978-3-11-046981-3<\/p>\n","protected":false},"featured_media":1335,"template":"","meta":[],"product_brand":[],"product_cat":[151,681],"product_tag":[],"class_list":{"0":"post-1333","1":"product","2":"type-product","3":"status-publish","4":"has-post-thumbnail","6":"product_cat-ics","7":"product_cat-scott-jill","9":"first","10":"instock","11":"shipping-taxable","12":"product-type-external"},"_links":{"self":[{"href":"https:\/\/publikationen.zhdk.ch\/index.php?rest_route=\/wp\/v2\/product\/1333","targetHints":{"allow":["GET"]}}],"collection":[{"href":"https:\/\/publikationen.zhdk.ch\/index.php?rest_route=\/wp\/v2\/product"}],"about":[{"href":"https:\/\/publikationen.zhdk.ch\/index.php?rest_route=\/wp\/v2\/types\/product"}],"version-history":[{"count":3,"href":"https:\/\/publikationen.zhdk.ch\/index.php?rest_route=\/wp\/v2\/product\/1333\/revisions"}],"predecessor-version":[{"id":3062,"href":"https:\/\/publikationen.zhdk.ch\/index.php?rest_route=\/wp\/v2\/product\/1333\/revisions\/3062"}],"wp:featuredmedia":[{"embeddable":true,"href":"https:\/\/publikationen.zhdk.ch\/index.php?rest_route=\/wp\/v2\/media\/1335"}],"wp:attachment":[{"href":"https:\/\/publikationen.zhdk.ch\/index.php?rest_route=%2Fwp%2Fv2%2Fmedia&parent=1333"}],"wp:term":[{"taxonomy":"product_brand","embeddable":true,"href":"https:\/\/publikationen.zhdk.ch\/index.php?rest_route=%2Fwp%2Fv2%2Fproduct_brand&post=1333"},{"taxonomy":"product_cat","embeddable":true,"href":"https:\/\/publikationen.zhdk.ch\/index.php?rest_route=%2Fwp%2Fv2%2Fproduct_cat&post=1333"},{"taxonomy":"product_tag","embeddable":true,"href":"https:\/\/publikationen.zhdk.ch\/index.php?rest_route=%2Fwp%2Fv2%2Fproduct_tag&post=1333"}],"curies":[{"name":"wp","href":"https:\/\/api.w.org\/{rel}","templated":true}]}}