{"id":1319,"date":"2019-04-24T13:46:13","date_gmt":"2019-04-24T11:46:13","guid":{"rendered":"http:\/\/publikationen.zhdk.ch\/?post_type=product&#038;p=1319"},"modified":"2023-02-02T10:32:25","modified_gmt":"2023-02-02T09:32:25","slug":"ueber-schuhe-ebook","status":"publish","type":"product","link":"https:\/\/publikationen.zhdk.ch\/?product=ueber-schuhe-ebook","title":{"rendered":"\u00dcber Schuhe | Anna-Brigitte Schlittler, Katharina\u2009Tietze (Hg.) [E-Book PDF]"},"content":{"rendered":"<div class=\"product--description flyer\" data-flyer=\"description\">\n<p>Schuhe sind weit mehr als eine funktionale und modische Umh\u00fcllung des Fu\u00dfes. Am Schuh, als Bestandteil der materiellen Kultur, und den ihn umgebenden Praxen werden auch historische, gesellschaftliche und kulturelle Ver\u00e4nderungen und Br\u00fcche deutlich.<\/p>\n<p>Ausgehend von einem Forschungsprojekt zu den Schuhen der Schweizer Firma Bally in den 1930er und 1940er Jahren versammelt der Band exemplarische Beitr\u00e4ge zum Schuh als Gegenstand der Modetheorie: M\u00e4nner- und Frauenschuhe, hochmodische Accessoires und funktionale Fu\u00dfbekleidungen, Vielfalt von Modellen und Mangel an Schuhen werden ebenso er\u00f6rtert wie Materialinnovationen, Schuhdesign, Diskurse zur Fu\u00dfgesundheit und nicht zuletzt die Wirtschaftsgeschichte der Schuhindustrie.<\/p>\n<p><span class=\"description\">ZHdK: Institute for Cultural Studies in the Arts (ICS)<\/span><\/p>\n<\/div>\n","protected":false},"excerpt":{"rendered":"<p>Zur Geschichte und Theorie der Fu\u00dfbekleidung<\/p>\n<p>Schuhe sind weit mehr als eine funktionale und modische Umh\u00fcllung des Fu\u00dfes. Ausgehend von einem Forschungsprojekt zu den Schuhen der Schweizer Firma Bally in den 1930er und 1940er Jahren versammelt der Band exemplarische Beitr\u00e4ge zum Schuh als Gegenstand der Modetheorie: M\u00e4nner- und Frauenschuhe, hochmodische Accessoires und funktionale Fu\u00dfbekleidungen, Vielfalt von Modellen und Mangel an Schuhen werden ebenso er\u00f6rtert wie Materialinnovationen, Schuhdesign, Diskurse zur Fu\u00dfgesundheit und nicht zuletzt die Wirtschaftsgeschichte der Schuhindustrie.<\/p>\n<p>230 Seiten (PDF), transcript, 2016<br \/>\nISBN <span class=\"entry--content\" data-flyer=\"isbn\">978-3-8394-3430-7<\/span><\/p>\n","protected":false},"featured_media":1315,"template":"","meta":[],"product_brand":[],"product_cat":[151,221,1514,675,677],"product_tag":[793,795,791],"class_list":{"0":"post-1319","1":"product","2":"type-product","3":"status-publish","4":"has-post-thumbnail","6":"product_cat-ics","7":"product_cat-e-books","8":"product_cat-e-publikationen","9":"product_cat-schlittler-anna-brigitte","10":"product_cat-tietze-katharina","11":"product_tag-bekleidung","12":"product_tag-mode","13":"product_tag-schuh","15":"first","16":"instock","17":"shipping-taxable","18":"product-type-external"},"_links":{"self":[{"href":"https:\/\/publikationen.zhdk.ch\/index.php?rest_route=\/wp\/v2\/product\/1319","targetHints":{"allow":["GET"]}}],"collection":[{"href":"https:\/\/publikationen.zhdk.ch\/index.php?rest_route=\/wp\/v2\/product"}],"about":[{"href":"https:\/\/publikationen.zhdk.ch\/index.php?rest_route=\/wp\/v2\/types\/product"}],"version-history":[{"count":4,"href":"https:\/\/publikationen.zhdk.ch\/index.php?rest_route=\/wp\/v2\/product\/1319\/revisions"}],"predecessor-version":[{"id":3068,"href":"https:\/\/publikationen.zhdk.ch\/index.php?rest_route=\/wp\/v2\/product\/1319\/revisions\/3068"}],"wp:featuredmedia":[{"embeddable":true,"href":"https:\/\/publikationen.zhdk.ch\/index.php?rest_route=\/wp\/v2\/media\/1315"}],"wp:attachment":[{"href":"https:\/\/publikationen.zhdk.ch\/index.php?rest_route=%2Fwp%2Fv2%2Fmedia&parent=1319"}],"wp:term":[{"taxonomy":"product_brand","embeddable":true,"href":"https:\/\/publikationen.zhdk.ch\/index.php?rest_route=%2Fwp%2Fv2%2Fproduct_brand&post=1319"},{"taxonomy":"product_cat","embeddable":true,"href":"https:\/\/publikationen.zhdk.ch\/index.php?rest_route=%2Fwp%2Fv2%2Fproduct_cat&post=1319"},{"taxonomy":"product_tag","embeddable":true,"href":"https:\/\/publikationen.zhdk.ch\/index.php?rest_route=%2Fwp%2Fv2%2Fproduct_tag&post=1319"}],"curies":[{"name":"wp","href":"https:\/\/api.w.org\/{rel}","templated":true}]}}