{"id":1299,"date":"2019-04-24T13:18:38","date_gmt":"2019-04-24T11:18:38","guid":{"rendered":"http:\/\/publikationen.zhdk.ch\/?post_type=product&#038;p=1299"},"modified":"2022-04-19T14:07:46","modified_gmt":"2022-04-19T12:07:46","slug":"heinrich-bachofner","status":"publish","type":"product","link":"https:\/\/publikationen.zhdk.ch\/?product=heinrich-bachofner","title":{"rendered":"Heinrich Bachofner. Erfinder | Katrin Luchsinger, Jacqueline Fahrni (Hg.)"},"content":{"rendered":"<div class=\"pressdetail-content\">\n<p>Heinrich Bachofner (1863\u20131926) war Eisenbahnangestellter in Winterthur \u2013 und als technikbegeisterter Erfinder war er stets bestens \u00fcber die aktuellen Entwicklungen informiert. Er wurde jedoch 1911 gegen seinen Willen in eine psychiatrische Anstalt eingewiesen und lebte ab 1913 bis zu seinem Tod als Patient der damals abgelegenen Pflegeanstalt Rheinau. Seine Krankenakte vermerkt, dass Bachofner unentwegt zeichnete und sich die Bl\u00e4tter zu Hunderten neben seinem Tisch stapelten. Davon haben sich 70 aussergew\u00f6hnliche Zeichnungen zu von ihm erfundenen grossen Maschinen erhalten. Sie belegen seine grandiose Originalit\u00e4t als Erfinder und sein enormes Fachwissen, das umso bemerkenswerter ist, als ihm in der Pflegeanstalt keinerlei Fachliteratur zur Verf\u00fcgung stand.<\/p>\n<p>Dieses neue Buch untersucht in fundierten Beitr\u00e4gen von Ingenieuren, Technik- und Kunsthistorikern Bachofners Erfindungen auf ihre Aktualit\u00e4t, Originalit\u00e4t und Machbarkeit hin und ordnet sein Werk in das industrielle Geschehen seiner Zeit und seiner Heimatregion ein. Zudem vermittelt es auch \u2013 sehr zeitgem\u00e4ss \u2013 den Reiz der Technik f\u00fcr die Kunst.<\/p>\n<p>Mit Beitr\u00e4gen von Hans-Peter B\u00e4rtschi, Eduard J. Belser, Martin B\u00fctikofer, Marcel H\u00e4nggi und Henry Wydler.<\/p>\n<p><span class=\"description\">ZHdK: Institute for Cultural Studies in the Arts (ICS)<\/span><\/p>\n<\/div>\n<div class=\"pressdetail-title\"><\/div>\n","protected":false},"excerpt":{"rendered":"<p>Heinrich Bachofner (1863\u20131926) war ein SBB-Angestellter mit grossem technischem Vorwissen und Interesse. W\u00e4hrend seiner Internierung in der Psychiatrischen Pflegeanstalt Rheinau befasste er sich intensiv mit Erfindungen in den Bereichen Verkehr, Energiegewinnung und Wasserkraft. In diesem \u0152uvrekatalog wird sein \u00fcberragendes zeichnerisches Werk vorgelegt.<\/p>\n<p>156 Seiten,\u00a0Scheidegger &amp; Spiess, 2017<br \/>\nISBN 978-3-85881-559-0<\/p>\n<p>&nbsp;<\/p>\n","protected":false},"featured_media":1305,"template":"","meta":[],"product_brand":[],"product_cat":[151,669,419],"product_tag":[783],"class_list":{"0":"post-1299","1":"product","2":"type-product","3":"status-publish","4":"has-post-thumbnail","6":"product_cat-ics","7":"product_cat-fahrni-jacqueline","8":"product_cat-luchsinger-katrin","9":"product_tag-heinrich-bachofner","11":"first","12":"instock","13":"shipping-taxable","14":"product-type-external"},"_links":{"self":[{"href":"https:\/\/publikationen.zhdk.ch\/index.php?rest_route=\/wp\/v2\/product\/1299","targetHints":{"allow":["GET"]}}],"collection":[{"href":"https:\/\/publikationen.zhdk.ch\/index.php?rest_route=\/wp\/v2\/product"}],"about":[{"href":"https:\/\/publikationen.zhdk.ch\/index.php?rest_route=\/wp\/v2\/types\/product"}],"version-history":[{"count":3,"href":"https:\/\/publikationen.zhdk.ch\/index.php?rest_route=\/wp\/v2\/product\/1299\/revisions"}],"predecessor-version":[{"id":3074,"href":"https:\/\/publikationen.zhdk.ch\/index.php?rest_route=\/wp\/v2\/product\/1299\/revisions\/3074"}],"wp:featuredmedia":[{"embeddable":true,"href":"https:\/\/publikationen.zhdk.ch\/index.php?rest_route=\/wp\/v2\/media\/1305"}],"wp:attachment":[{"href":"https:\/\/publikationen.zhdk.ch\/index.php?rest_route=%2Fwp%2Fv2%2Fmedia&parent=1299"}],"wp:term":[{"taxonomy":"product_brand","embeddable":true,"href":"https:\/\/publikationen.zhdk.ch\/index.php?rest_route=%2Fwp%2Fv2%2Fproduct_brand&post=1299"},{"taxonomy":"product_cat","embeddable":true,"href":"https:\/\/publikationen.zhdk.ch\/index.php?rest_route=%2Fwp%2Fv2%2Fproduct_cat&post=1299"},{"taxonomy":"product_tag","embeddable":true,"href":"https:\/\/publikationen.zhdk.ch\/index.php?rest_route=%2Fwp%2Fv2%2Fproduct_tag&post=1299"}],"curies":[{"name":"wp","href":"https:\/\/api.w.org\/{rel}","templated":true}]}}