{"id":1275,"date":"2019-04-24T12:54:13","date_gmt":"2019-04-24T10:54:13","guid":{"rendered":"http:\/\/publikationen.zhdk.ch\/?post_type=product&#038;p=1275"},"modified":"2024-07-12T07:47:35","modified_gmt":"2024-07-12T05:47:35","slug":"entkoppelte-gesellschaft-1","status":"publish","type":"product","link":"https:\/\/publikationen.zhdk.ch\/?product=entkoppelte-gesellschaft-1","title":{"rendered":"Entkoppelte Gesellschaft \u2013 Ostdeutschland seit 1989\/90 [1]: Anschluss | Yana Milev"},"content":{"rendered":"<div class=\"l-detail_page\">\n<div id=\"js-content-element-46765\" data-bind=\"attr: { id: contentElement().key() }\">\n<div data-bind=\"if: contentElement().is_accordeon() === '0'\">\n<div class=\"richtext\">\n<p>Seit das Ende des Kommunismus auf 1990 festgeschrieben und der Unrechtsstaat DDR der Justiz \u00fcbergeben wurde, inszenieren neue Institutionen, Stiftungen und Beh\u00f6rden auf Bundesebene den \u00f6konomischen, kulturellen und moralischen Erfolg des Rechtsstaats. Dabei wird die Mehrheit der Neub\u00fcrger mit Schockereignissen des krassen sozialen Wandels und der gesellschaftlichen Stigmatisierung konfrontiert. Konzepte wie \u00abTransformation\u00bb, \u00abModernisierung\u00bb, \u00abDemokratisierung\u00bb treten als Euphemismen auf, die \u00fcber eine neoliberale Annexion des Ostens hinwegt\u00e4uschen. Das Investmentprojekt \u00abAufschwung Ost\u00bb ist ein Laborfall der Globalisierung. \u00dcber eine Aufarbeitung der DDR im Totalitarismus- und Diktaturenvergleich hinaus ist eine Soziologie der Landnahme, des Gesellschaftsumbaus und des strukturellen Kolonialismus in Ostdeutschland l\u00e4ngst \u00fcberf\u00e4llig. Das Forschungsprogramm \u00abEntkoppelte Gesellschaft. Liberalisierung und Widerstand in Ostdeutschland seit 1989\/90. Ein soziologisches Laboratorium\u00bb will im drei\u00dfigsten Jahr der \u00abEinheit\u00bb diesem Thema mit einer mehrb\u00e4ndigen Publikation Rechnung tragen.<\/p>\n<p>Der Band \u00abAnschluss\u00bb widerlegt den Mythos von der \u00abfriedlichen Revolution\u00bb und von der \u00abWiedervereinigung\u00bb dessen, was zusammengeh\u00f6rt und geht der These nach, dass Liberalisierung die Fortsetzung des Krieges mit anderen Mitteln ist. Der Band belegt die zeithistorischen Zusammenh\u00e4nge f\u00fcr den koordinierten Staatsanschluss der DDR an die BRD und zeigt auf, warum die basisdemokratische Reformbewegung 1990 scheitern musste.<\/p>\n<p><span class=\"description\">ZHdK: Institute for Cultural Studies in the Arts (ICS)<\/span><\/p>\n<\/div>\n<\/div>\n<\/div>\n<\/div>\n","protected":false},"excerpt":{"rendered":"<p>Der Band \u00abAnschluss\u00bb widerlegt den Mythos von der \u00abfriedlichen Revolution\u00bb und von der \u00abWiedervereinigung\u00bb dessen, was zusammengeh\u00f6rt und geht der These nach, dass Liberalisierung die Fortsetzung des Krieges mit anderen Mitteln ist. Der Band belegt die zeithistorischen Zusammenh\u00e4nge f\u00fcr den koordinierten Staatsanschluss der DDR an die BRD und zeigt auf, warum die basisdemokratische Reformbewegung 1990 scheitern musste.<\/p>\n<p>343 Seiten, Peter Lang, 2018<br \/>\nISBN 978-3-631-77153-2<\/p>\n","protected":false},"featured_media":4368,"template":"","meta":[],"product_brand":[],"product_cat":[151,417],"product_tag":[777,779,1165,781],"class_list":{"0":"post-1275","1":"product","2":"type-product","3":"status-publish","4":"has-post-thumbnail","6":"product_cat-ics","7":"product_cat-milev-yana","8":"product_tag-ddr","9":"product_tag-deutschland","10":"product_tag-ostdeutschland","11":"product_tag-sozialwissenschaften","13":"first","14":"instock","15":"shipping-taxable","16":"product-type-external"},"_links":{"self":[{"href":"https:\/\/publikationen.zhdk.ch\/index.php?rest_route=\/wp\/v2\/product\/1275","targetHints":{"allow":["GET"]}}],"collection":[{"href":"https:\/\/publikationen.zhdk.ch\/index.php?rest_route=\/wp\/v2\/product"}],"about":[{"href":"https:\/\/publikationen.zhdk.ch\/index.php?rest_route=\/wp\/v2\/types\/product"}],"version-history":[{"count":9,"href":"https:\/\/publikationen.zhdk.ch\/index.php?rest_route=\/wp\/v2\/product\/1275\/revisions"}],"predecessor-version":[{"id":6411,"href":"https:\/\/publikationen.zhdk.ch\/index.php?rest_route=\/wp\/v2\/product\/1275\/revisions\/6411"}],"wp:featuredmedia":[{"embeddable":true,"href":"https:\/\/publikationen.zhdk.ch\/index.php?rest_route=\/wp\/v2\/media\/4368"}],"wp:attachment":[{"href":"https:\/\/publikationen.zhdk.ch\/index.php?rest_route=%2Fwp%2Fv2%2Fmedia&parent=1275"}],"wp:term":[{"taxonomy":"product_brand","embeddable":true,"href":"https:\/\/publikationen.zhdk.ch\/index.php?rest_route=%2Fwp%2Fv2%2Fproduct_brand&post=1275"},{"taxonomy":"product_cat","embeddable":true,"href":"https:\/\/publikationen.zhdk.ch\/index.php?rest_route=%2Fwp%2Fv2%2Fproduct_cat&post=1275"},{"taxonomy":"product_tag","embeddable":true,"href":"https:\/\/publikationen.zhdk.ch\/index.php?rest_route=%2Fwp%2Fv2%2Fproduct_tag&post=1275"}],"curies":[{"name":"wp","href":"https:\/\/api.w.org\/{rel}","templated":true}]}}