{"id":1235,"date":"2019-04-23T17:33:39","date_gmt":"2019-04-23T15:33:39","guid":{"rendered":"http:\/\/publikationen.zhdk.ch\/?post_type=product&#038;p=1235"},"modified":"2022-04-19T14:06:00","modified_gmt":"2022-04-19T12:06:00","slug":"this-play-sucks","status":"publish","type":"product","link":"https:\/\/publikationen.zhdk.ch\/?product=this-play-sucks","title":{"rendered":"This play sucks cause this is the only way to join the universe | Eirini Sourgiadaki"},"content":{"rendered":"<p>&#171;This Play Sucks&#187; is a pluri-form around an artistic wind tunnel in Zurich and its possible impossibilities: a theater play that cannot be staged, a yearly calendar that cannot be followed, a tornado \u2013onstage and backstage\u2013 photo album, and at the same time full of swirling metaphors that test your mind. Written by the Greek writer Eirini Sourgiadaki, who is Certified on Metaphorical Thinking &amp; Acting, and materialised by Florian Dombois and Viola Zimmermann this book shows the &#171;only one way to control life [&#8230;] being publicly presented here for the first time ever, as a minimum contribution to science and humankind.&#187;<\/p>\n<p>ZHdK: Forschungsschwerpunkt Transdisziplinarit\u00e4t (fsp-t)<\/p>\n<p>&nbsp;<\/p>\n","protected":false},"excerpt":{"rendered":"<p>\u00abThis Play Sucks&#8230;\u00bb ist eine Pluri-Form im Umfeld eines k\u00fcnstlerischen Windtunnels in Z\u00fcrich und dessen m\u00f6glichen Unm\u00f6glichkeiten: ein unauff\u00fchrbares Theaterst\u00fcck, ein Jahreskalender, dem man nicht folgen kann, ein Tornado \u2013onstage and backstage\u2013 Fotoalbum, und zur selben Zeit voller wirbelnder Metaphern, die unseren Geist testen. Geschrieben von der griechischen Schriftstellerin Eirini Sourgiadaki, diplomiert in Metaphorischem Denken &amp; Handeln, und materialisiert von Florian Dombois und Viola Zimmermann zeigt dieses Buch \u00abden einzig m\u00f6glichen Weg, das Leben zu kontrollieren [&#8230;], hier erstmals \u00fcberhaupt \u00f6ffentlich pr\u00e4sentiert, als bescheidener Beitrag zur Wissenschaft und f\u00fcr die Menschheit.\u00bb<\/p>\n<p>120 Seiten,\u00a0argobooks, 2018<br \/>\nISBN 978-3-942700-95-5<\/p>\n","protected":false},"featured_media":2324,"template":"","meta":[],"product_brand":[],"product_cat":[435,159],"product_tag":[],"class_list":{"0":"post-1235","1":"product","2":"type-product","3":"status-publish","4":"has-post-thumbnail","6":"product_cat-sourgiadaki-eirini","7":"product_cat-fspt","9":"first","10":"instock","11":"shipping-taxable","12":"product-type-external"},"_links":{"self":[{"href":"https:\/\/publikationen.zhdk.ch\/index.php?rest_route=\/wp\/v2\/product\/1235","targetHints":{"allow":["GET"]}}],"collection":[{"href":"https:\/\/publikationen.zhdk.ch\/index.php?rest_route=\/wp\/v2\/product"}],"about":[{"href":"https:\/\/publikationen.zhdk.ch\/index.php?rest_route=\/wp\/v2\/types\/product"}],"version-history":[{"count":6,"href":"https:\/\/publikationen.zhdk.ch\/index.php?rest_route=\/wp\/v2\/product\/1235\/revisions"}],"predecessor-version":[{"id":2988,"href":"https:\/\/publikationen.zhdk.ch\/index.php?rest_route=\/wp\/v2\/product\/1235\/revisions\/2988"}],"wp:featuredmedia":[{"embeddable":true,"href":"https:\/\/publikationen.zhdk.ch\/index.php?rest_route=\/wp\/v2\/media\/2324"}],"wp:attachment":[{"href":"https:\/\/publikationen.zhdk.ch\/index.php?rest_route=%2Fwp%2Fv2%2Fmedia&parent=1235"}],"wp:term":[{"taxonomy":"product_brand","embeddable":true,"href":"https:\/\/publikationen.zhdk.ch\/index.php?rest_route=%2Fwp%2Fv2%2Fproduct_brand&post=1235"},{"taxonomy":"product_cat","embeddable":true,"href":"https:\/\/publikationen.zhdk.ch\/index.php?rest_route=%2Fwp%2Fv2%2Fproduct_cat&post=1235"},{"taxonomy":"product_tag","embeddable":true,"href":"https:\/\/publikationen.zhdk.ch\/index.php?rest_route=%2Fwp%2Fv2%2Fproduct_tag&post=1235"}],"curies":[{"name":"wp","href":"https:\/\/api.w.org\/{rel}","templated":true}]}}