{"id":123,"date":"2019-04-08T17:21:28","date_gmt":"2019-04-08T15:21:28","guid":{"rendered":"http:\/\/publikationen.zhdk.ch\/?post_type=product&#038;p=123"},"modified":"2023-08-10T13:41:23","modified_gmt":"2023-08-10T11:41:23","slug":"sinnliches-denken","status":"publish","type":"product","link":"https:\/\/publikationen.zhdk.ch\/?product=sinnliches-denken","title":{"rendered":"Sinnliches Denken. Eisensteins exzentrische Methode | Elena Vogman"},"content":{"rendered":"<p>Sergej Eisensteins Bildtheorie und Filmpraxis sind aufs Engste miteinander verbunden. Aus beidem entwickelte er ein Theoriewerk: ein immer wieder neu montiertes work in progress, dessen epistemische Obsession im physiologischen Denkpotential des Kinos selbst gr\u00fcndete. Auf der Suche nach den Urspr\u00fcngen eines solchen \u00bbsinnlichen Denkens\u00ab des Kinos legte Eisenstein die Kulturgeschichte neu aus. 1929 plante der Regisseur ein \u00bbBuch in Form einer Kugel\u00ab.<br \/>\nElena Vogman stellt das Potential dieses \u00bbsinnlichen Denkens\u00ab in Eisensteins Methode (1932\u20131948) \u2013 so der Titel des j\u00fcngst auf Russisch erschienenen Sp\u00e4twerks \u2013 in eine doppelte Perspektive. Im offenen Gef\u00fcge unterschiedlicher Disziplinen wie Anthropologie und \u00c4sthetik, Psychoanalyse und Gestaltpsychologie, Pal\u00e4ontologie und Linguistik erscheint sein Werk als ein dynamisches Vehikel, das mittels Montage, emphatischer Kritik und in exzentrischer \u00dcberschreitung der eigenen Positionen operiert.<br \/>\nEntlang zahlreicher, zum Teil noch unpublizierter Archivdokumente macht der vorliegende Band die epistemischen und \u00e4sthetischen Fluchtlinien dieses Denkens lesbar.<\/p>\n<p>Elena Vogman ist Autorin, Literaturwissenschaftlerin im Forschungsprojekt \u00bbRhythmus und Projektion\u00ab an der Freien Universit\u00e4t, Berlin und freie Kuratorin. Sie promovierte in 2016 \u00fcber \u00bbSinnliches Denken. Eisensteins exzentrische <i>Methode<\/i>\u00ab. Im Fokus ihrer Forschung stehen Formen des visuellen Denkens, Anthropologien des Rhythmus, Montagepraxis, Wechselwirkung zwischen Literatur, Ethnographie und dokumentarischer Praxis. Gemeinsam mit Gottfried Schn\u00f6dl gr\u00fcndete sie 2016 eine Forschungsgruppe zur \u00bbKritischen Morphologie\u00ab in Berlin. Gemeinsam mit Marie Rebecchi und Till Gathmann kuratierte sie die Ausstellung \u00bbSergei Eisenstein: The Anthropology of Rhythm\u00ab bei Nomas Foundation in Rom.<\/p>\n<p>ZHdK: Institut f\u00fcr Theorie (ITH)<\/p>\n","protected":false},"excerpt":{"rendered":"<p>Sergej Eisensteins Bildtheorie und Filmpraxis sind aufs Engste miteinander verbunden. Aus beidem entwickelte er ein Theoriewerk: ein immer wieder neu montiertes work in progress, dessen epistemische Obsession im physiologischen Denkpotential des Kinos selbst gr\u00fcndete. Auf der Suche nach den Urspr\u00fcngen eines solchen \u00bbsinnlichen Denkens\u00ab des Kinos legte Eisenstein die Kulturgeschichte neu aus. 1929 plante der Regisseur ein \u00bbBuch in Form einer Kugel\u00ab.<\/p>\n<p>Reihe <a href=\"https:\/\/publikationen.zhdk.ch\/?product_cat=denkt-kunst\">Denkt Kunst<\/a><\/p>\n<p>464 Seiten, Diaphanes, 2018<br \/>\nISBN 978-3-0-3580076-0<\/p>\n","protected":false},"featured_media":223,"template":"","meta":[],"product_brand":[],"product_cat":[149,291,219],"product_tag":[],"class_list":{"0":"post-123","1":"product","2":"type-product","3":"status-publish","4":"has-post-thumbnail","6":"product_cat-ith","7":"product_cat-denkt-kunst","8":"product_cat-vogman-elena","10":"first","11":"instock","12":"shipping-taxable","13":"product-type-external"},"_links":{"self":[{"href":"https:\/\/publikationen.zhdk.ch\/index.php?rest_route=\/wp\/v2\/product\/123","targetHints":{"allow":["GET"]}}],"collection":[{"href":"https:\/\/publikationen.zhdk.ch\/index.php?rest_route=\/wp\/v2\/product"}],"about":[{"href":"https:\/\/publikationen.zhdk.ch\/index.php?rest_route=\/wp\/v2\/types\/product"}],"version-history":[{"count":7,"href":"https:\/\/publikationen.zhdk.ch\/index.php?rest_route=\/wp\/v2\/product\/123\/revisions"}],"predecessor-version":[{"id":6133,"href":"https:\/\/publikationen.zhdk.ch\/index.php?rest_route=\/wp\/v2\/product\/123\/revisions\/6133"}],"wp:featuredmedia":[{"embeddable":true,"href":"https:\/\/publikationen.zhdk.ch\/index.php?rest_route=\/wp\/v2\/media\/223"}],"wp:attachment":[{"href":"https:\/\/publikationen.zhdk.ch\/index.php?rest_route=%2Fwp%2Fv2%2Fmedia&parent=123"}],"wp:term":[{"taxonomy":"product_brand","embeddable":true,"href":"https:\/\/publikationen.zhdk.ch\/index.php?rest_route=%2Fwp%2Fv2%2Fproduct_brand&post=123"},{"taxonomy":"product_cat","embeddable":true,"href":"https:\/\/publikationen.zhdk.ch\/index.php?rest_route=%2Fwp%2Fv2%2Fproduct_cat&post=123"},{"taxonomy":"product_tag","embeddable":true,"href":"https:\/\/publikationen.zhdk.ch\/index.php?rest_route=%2Fwp%2Fv2%2Fproduct_tag&post=123"}],"curies":[{"name":"wp","href":"https:\/\/api.w.org\/{rel}","templated":true}]}}