{"id":1225,"date":"2019-04-23T17:15:55","date_gmt":"2019-04-23T15:15:55","guid":{"rendered":"http:\/\/publikationen.zhdk.ch\/?post_type=product&#038;p=1225"},"modified":"2023-08-10T11:17:57","modified_gmt":"2023-08-10T09:17:57","slug":"freilichttheater-eine-tradition-auf-neuen-wegen","status":"publish","type":"product","link":"https:\/\/publikationen.zhdk.ch\/?product=freilichttheater-eine-tradition-auf-neuen-wegen","title":{"rendered":"Freilichttheater &#8211; eine Tradition auf neuen Wegen | Liliana Heimberg, Yvonne Schmidt, Kathrin Siegfried (Hg.)"},"content":{"rendered":"<p>Jeden Sommer beteiligen sich Tausende von Menschen am Abenteuer \u00abFreilichttheater\u00bb und setzen daf\u00fcr ihre Freizeit ein. Was geschieht, wenn ein professionelles Theaterteam auf einen Ort und seine Bewohner trifft, um ein gemeinsames Theaterprojekt zu entwickeln?<\/p>\n<p>Das Freilichttheater setzt auf neue Verfahren, wie dieses Buch dokumentiert: Es teilt die Autorschaft der Inszenierung im k\u00fcnstlerischen Team, mit den Darstellenden, mit der Bev\u00f6lkerung, mit dem Raum. Es greift lebendige Traditionen auf und bewahrt sie durch Wandel.<\/p>\n<p>Die Texte der Publikation beziehen sich auf zwei interdisziplin\u00e4re Forschungsprojekte zum Freilichttheater in der Schweiz am Institute for the Performing Arts and Film (IPF), Z\u00fcrcher Hochschule der K\u00fcnste ZHdK, zwischen 2008 und 2011.<\/p>\n<p>Herausgegeben von Liliana Heimberg, Yvonne Schmidt und Kathrin Siegfried.<br \/>\nMit Beitr\u00e4gen von Silke Andris, Liliana Heimberg, Stefan Koslowski, Yvonne Schmidt und Kathrin Siegfried.<\/p>\n<p>ZHdK: Institute for the Performing Arts and Film (IPF)<\/p>\n","protected":false},"excerpt":{"rendered":"<p>Jeden Sommer beteiligen sich Tausende von Menschen am Abenteuer &#171;Freilichttheater&#187; und setzen daf\u00fcr ihre Freizeit ein. Was geschieht, wenn ein professionelles Theaterteam auf einen Ort und seine Bewohner trifft, um ein gemeinsames Theaterprojekt zu entwickeln? Das Freilichttheater setzt auf neue Verfahren, wie dieses Buch dokumentiert: Es teilt die Autorschaft der Inszenierung im k\u00fcnstlerischen Team, mit den Darstellenden, mit der Bev\u00f6lkerung, mit dem Raum. Es greift lebendige Traditionen auf und bewahrt sie durch Wandel.<\/p>\n<p>Lebendige Traditionen der Schweiz Band 3 \/ <a href=\"https:\/\/publikationen.zhdk.ch\/?product_cat=subtexte\">subTexte<\/a> 11<\/p>\n<p>264 Seiten,\u00a0hier + jetzt, 2015<br \/>\nISBN 978-3-0-3919364-6<\/p>\n","protected":false},"featured_media":1229,"template":"","meta":[],"product_brand":[],"product_cat":[571,157,427,573,569],"product_tag":[651,611,613],"class_list":{"0":"post-1225","1":"product","2":"type-product","3":"status-publish","4":"has-post-thumbnail","6":"product_cat-heimberg-liliana","7":"product_cat-ipf","8":"product_cat-schmidt-yvonne","9":"product_cat-siegfried-kathrin","10":"product_cat-subtexte","11":"product_tag-brauchtum","12":"product_tag-freilichttheater","13":"product_tag-laientheater","15":"first","16":"instock","17":"shipping-taxable","18":"product-type-external"},"_links":{"self":[{"href":"https:\/\/publikationen.zhdk.ch\/index.php?rest_route=\/wp\/v2\/product\/1225","targetHints":{"allow":["GET"]}}],"collection":[{"href":"https:\/\/publikationen.zhdk.ch\/index.php?rest_route=\/wp\/v2\/product"}],"about":[{"href":"https:\/\/publikationen.zhdk.ch\/index.php?rest_route=\/wp\/v2\/types\/product"}],"version-history":[{"count":7,"href":"https:\/\/publikationen.zhdk.ch\/index.php?rest_route=\/wp\/v2\/product\/1225\/revisions"}],"predecessor-version":[{"id":6007,"href":"https:\/\/publikationen.zhdk.ch\/index.php?rest_route=\/wp\/v2\/product\/1225\/revisions\/6007"}],"wp:featuredmedia":[{"embeddable":true,"href":"https:\/\/publikationen.zhdk.ch\/index.php?rest_route=\/wp\/v2\/media\/1229"}],"wp:attachment":[{"href":"https:\/\/publikationen.zhdk.ch\/index.php?rest_route=%2Fwp%2Fv2%2Fmedia&parent=1225"}],"wp:term":[{"taxonomy":"product_brand","embeddable":true,"href":"https:\/\/publikationen.zhdk.ch\/index.php?rest_route=%2Fwp%2Fv2%2Fproduct_brand&post=1225"},{"taxonomy":"product_cat","embeddable":true,"href":"https:\/\/publikationen.zhdk.ch\/index.php?rest_route=%2Fwp%2Fv2%2Fproduct_cat&post=1225"},{"taxonomy":"product_tag","embeddable":true,"href":"https:\/\/publikationen.zhdk.ch\/index.php?rest_route=%2Fwp%2Fv2%2Fproduct_tag&post=1225"}],"curies":[{"name":"wp","href":"https:\/\/api.w.org\/{rel}","templated":true}]}}