{"id":1215,"date":"2019-04-23T16:57:52","date_gmt":"2019-04-23T14:57:52","guid":{"rendered":"http:\/\/publikationen.zhdk.ch\/?post_type=product&#038;p=1215"},"modified":"2023-08-10T13:44:31","modified_gmt":"2023-08-10T11:44:31","slug":"wiederholung-und-extase-milo-rau-rolf-bossart-e-book-pdf","status":"publish","type":"product","link":"https:\/\/publikationen.zhdk.ch\/?product=wiederholung-und-extase-milo-rau-rolf-bossart-e-book-pdf","title":{"rendered":"Wiederholung und Extase | Milo Rau, Rolf Bossart [E-Book PDF]"},"content":{"rendered":"<p>Milo Rau und sein International Institute of Political Murder (IIPM) haben in den letzten zehn Jahren die \u00c4sthetik des zeitgen\u00f6ssischen Theaters mit zahlreichen Aufsehen erregenden Produktionen gepr\u00e4gt. Von den Reenactments (Die letzten Tage der Ceausescus, Hate Radio, Breiviks Erkl\u00e4rung) \u00fcber die Prozessformate (Die Moskauer und Die Z\u00fcrcher Prozesse, Das Kongo Tribunal) und die biographischen Erz\u00e4hlst\u00fccke (The Civil Wars, The Dark Ages und Empire) bis hin zur Repr\u00e4sentations-Trilogie (Five Easy Pieces, Die 120 Tage von Sodom und Histoire du The\u00e2tre) stehen immer wieder Fragen zum Verh\u00e4ltnis von Realit\u00e4t und Realismus, Geschichte und Abweichung, Wiederholung und Variation im Zentrum der Auseinandersetzung: Wie verh\u00e4lt sich ein Ereignis zu seiner Wiederholung? Wo verl\u00e4uft die Trennlinie zwischen massenmedialer Wiederholung und kulturellem Ged\u00e4chtnis? Wie kann Theater einen \u00f6ffentlichen Raum schaffen, in dem Schauspieler und Zuschauer gezwungen sind, die pers\u00f6nliche Verantwortung f\u00fcr das, was sie tun und sehen, zu \u00fcbernehmen? Welches sind geeignete theatrale Akte zur Herstellung einer solchen Verantwortlichkeit? Wie kann Kunst den Punkt erreichen, an dem die Spielakte einen Diskurs, eine kollektive symbolische Ordnung oder eine bestimmte Geschichtsdeutung verschieben k\u00f6nnen? Welches sind die k\u00fcnstlerischen Strategien, die dem Politischen im Sinne einer Entscheidungssituation Raum geben? Und inwiefern ist das Theater des IIPM ein Theater des Erscheinenlassens?<\/p>\n<p>Der Band er\u00f6rtert Begriffe, die die \u00e4sthetische Theorie und Praxis des IIPM beschreiben, reflektieren und in einen allgemeinen Kontext stellen. Historisch-kritische, repr\u00e4sentationstheoretische und handlungstheoretische Aspekte k\u00fcnstlerischer Akte werden \u2013 ausgehend von konkreten Projekten, Arbeitsproblemen und philosophischen Erw\u00e4gungen \u2013 programmatisch verhandelt. Die untereinander kommunizierenden \u00dcberlegungen stellen dabei bewegliche Denk-Figuren dar, die pr\u00e4zise Blicke auf die Methodik \u00abrealistischer\u00bb k\u00fcnstlerischer Arbeit mit historischer und politischer Analyse vereinen.<\/p>\n<p>Reihe DENKT KUNST des Instituts f\u00fcr Theorie (ith) der Z\u00fcrcher Hochschule der K\u00fcnste (ZHdK) und des Zentrums K\u00fcnste und Kulturtheorie (ZKK) der Universit\u00e4t Z\u00fcrich. Dieser Band erscheint gleichzeitig als Band 13 in der Reihe \u00absubTexte\u00bb (Hg. Anton Rey), Institute for the Performing Arts and Film, Z\u00fcrcher Hochschule der K\u00fcnste. Publiziert im Rahmen des vom Schweizerischen Nationalfonds finanzierten Forschungsprojekts <a href=\"https:\/\/www.zhdk.ch\/forschungsprojekt\/426672\" target=\"_blank\" rel=\"noopener noreferrer\">\u00abReenactment, Sondierungen zu einem theatralen Format\u00bb<\/a>.<\/p>\n<p>ZHdK: Institut f\u00fcr Theorie (ITH) \/ Institute for the Performing Arts and Film (IPF)<\/p>\n","protected":false},"excerpt":{"rendered":"<p>Der Band er\u00f6rtert Begriffe, die die \u00e4sthetische Theorie und Praxis von Milo Raus International Institute of Political Murder IIPM beschreiben, reflektieren und in einen allgemeinen Kontext stellen. Historisch-kritische, repr\u00e4sentationstheoretische und handlungstheoretische Aspekte k\u00fcnstlerischer Akte werden \u2013 ausgehend von konkreten Projekten, Arbeitsproblemen und philosophischen Erw\u00e4gungen \u2013 programmatisch verhandelt. Die untereinander kommunizierenden \u00dcberlegungen stellen dabei bewegliche Denk-Figuren dar, die pr\u00e4zise Blicke auf die Methodik \u00abrealistischer\u00bb k\u00fcnstlerischer Arbeit mit historischer und politischer Analyse vereinen.<\/p>\n<p>Reihe <a href=\"https:\/\/publikationen.zhdk.ch\/?product_cat=denkt-kunst\">Denkt Kunst<\/a> \/ <a href=\"https:\/\/publikationen.zhdk.ch\/?product_cat=subtexte\">subTexte<\/a> 13<\/p>\n<p>272 Seiten (PDF), Diaphanes, 2017<br \/>\nISBN 978-3-0358-0040-1<\/p>\n","protected":false},"featured_media":1211,"template":"","meta":[],"product_brand":[],"product_cat":[431,149,291,221,1514,157,433,569],"product_tag":[645,473],"class_list":{"0":"post-1215","1":"product","2":"type-product","3":"status-publish","4":"has-post-thumbnail","6":"product_cat-bossart-rolf","7":"product_cat-ith","8":"product_cat-denkt-kunst","9":"product_cat-e-books","10":"product_cat-e-publikationen","11":"product_cat-ipf","12":"product_cat-rau-milo","13":"product_cat-subtexte","14":"product_tag-politik","15":"product_tag-theater","17":"first","18":"instock","19":"shipping-taxable","20":"product-type-external"},"_links":{"self":[{"href":"https:\/\/publikationen.zhdk.ch\/index.php?rest_route=\/wp\/v2\/product\/1215","targetHints":{"allow":["GET"]}}],"collection":[{"href":"https:\/\/publikationen.zhdk.ch\/index.php?rest_route=\/wp\/v2\/product"}],"about":[{"href":"https:\/\/publikationen.zhdk.ch\/index.php?rest_route=\/wp\/v2\/types\/product"}],"version-history":[{"count":8,"href":"https:\/\/publikationen.zhdk.ch\/index.php?rest_route=\/wp\/v2\/product\/1215\/revisions"}],"predecessor-version":[{"id":6143,"href":"https:\/\/publikationen.zhdk.ch\/index.php?rest_route=\/wp\/v2\/product\/1215\/revisions\/6143"}],"wp:featuredmedia":[{"embeddable":true,"href":"https:\/\/publikationen.zhdk.ch\/index.php?rest_route=\/wp\/v2\/media\/1211"}],"wp:attachment":[{"href":"https:\/\/publikationen.zhdk.ch\/index.php?rest_route=%2Fwp%2Fv2%2Fmedia&parent=1215"}],"wp:term":[{"taxonomy":"product_brand","embeddable":true,"href":"https:\/\/publikationen.zhdk.ch\/index.php?rest_route=%2Fwp%2Fv2%2Fproduct_brand&post=1215"},{"taxonomy":"product_cat","embeddable":true,"href":"https:\/\/publikationen.zhdk.ch\/index.php?rest_route=%2Fwp%2Fv2%2Fproduct_cat&post=1215"},{"taxonomy":"product_tag","embeddable":true,"href":"https:\/\/publikationen.zhdk.ch\/index.php?rest_route=%2Fwp%2Fv2%2Fproduct_tag&post=1215"}],"curies":[{"name":"wp","href":"https:\/\/api.w.org\/{rel}","templated":true}]}}