{"id":119,"date":"2019-04-08T17:21:43","date_gmt":"2019-04-08T15:21:43","guid":{"rendered":"http:\/\/publikationen.zhdk.ch\/?post_type=product&#038;p=119"},"modified":"2023-08-10T13:41:56","modified_gmt":"2023-08-10T11:41:56","slug":"zone","status":"publish","type":"product","link":"https:\/\/publikationen.zhdk.ch\/?product=zone","title":{"rendered":"Zone. Medienphilosophische Exkursionen | Michael Mayer"},"content":{"rendered":"<p>Logik, Funktion und Praxis der Grenze geh\u00f6ren zum festen Inventar abendl\u00e4ndischen Denkens. Grenzen zu setzen gilt als Ausdruck disziplinierender F\u00fcrsorge, sie zu \u00fcbertreten als Provokation, ihre Sicherung als prim\u00e4rer Akt staatlicher Souver\u00e4nit\u00e4t. Stets geht es um eine Demarkation, die den Unterschied macht und das Unterschiedene. Inspiriert vom Bild der Zone, das Andrej Tarkowskij in seinem Film \u00bbStalker\u00ab entwirft, erprobt der Band eine andere Geste: Wir \u00fcberschreiten keine Grenzen mehr, wir betreten Zonen \u2013 jenen \u00bbRaum\u00ab, der stets \u00bbdazwischen\u00ab liegt, jenes Dritte als Mitte und Mittleres, als Medium. Wir betreten Zonen der Unbehaustheit und Irre; des Traums und seiner W\u00fcnsche; der Erl\u00f6sung und ihrer Verh\u00fcllung; Zonen des Undenkbaren, des Unentschuldbaren, der Entgleisung. Das Bild der Zone f\u00fchrt so in eine Zone des Bildes, in der keine Lekt\u00fcre und Interpretation mehr unbeschadet vonstatten gehen.<\/p>\n<p>ZHdK: Institut f\u00fcr Theorie (ITH)<\/p>\n<p>&nbsp;<\/p>\n","protected":false},"excerpt":{"rendered":"<p>Logik, Funktion und Praxis der Grenze geh\u00f6ren zum festen Inventar abendl\u00e4ndischen Denkens. Grenzen zu setzen gilt als Ausdruck disziplinierender F\u00fcrsorge, sie zu \u00fcbertreten als Provokation, ihre Sicherung als prim\u00e4rer Akt staatlicher Souver\u00e4nit\u00e4t. Stets geht es um eine Demarkation, die den Unterschied macht und das Unterschiedene. Inspiriert vom Bild der Zone, das Andrej Tarkowskij in seinem Film \u00bbStalker\u00ab entwirft, erprobt der Band eine andere Geste: Wir \u00fcberschreiten keine Grenzen mehr, wir betreten Zonen \u2013 jenen \u00bbRaum\u00ab, der stets \u00bbdazwischen\u00ab liegt, jenes Dritte als Mitte und Mittleres, als Medium.<\/p>\n<p>Reihe <a href=\"https:\/\/publikationen.zhdk.ch\/?product_cat=denkt-kunst\">Denkt Kunst<\/a><\/p>\n<p>184 Seiten, Diaphanes, 2018<br \/>\nISBN 978-3-0-3734643-3<\/p>\n","protected":false},"featured_media":221,"template":"","meta":[],"product_brand":[],"product_cat":[149,291,209],"product_tag":[],"class_list":{"0":"post-119","1":"product","2":"type-product","3":"status-publish","4":"has-post-thumbnail","6":"product_cat-ith","7":"product_cat-denkt-kunst","8":"product_cat-mayer-michael","10":"first","11":"instock","12":"shipping-taxable","13":"product-type-external"},"_links":{"self":[{"href":"https:\/\/publikationen.zhdk.ch\/index.php?rest_route=\/wp\/v2\/product\/119","targetHints":{"allow":["GET"]}}],"collection":[{"href":"https:\/\/publikationen.zhdk.ch\/index.php?rest_route=\/wp\/v2\/product"}],"about":[{"href":"https:\/\/publikationen.zhdk.ch\/index.php?rest_route=\/wp\/v2\/types\/product"}],"version-history":[{"count":6,"href":"https:\/\/publikationen.zhdk.ch\/index.php?rest_route=\/wp\/v2\/product\/119\/revisions"}],"predecessor-version":[{"id":6135,"href":"https:\/\/publikationen.zhdk.ch\/index.php?rest_route=\/wp\/v2\/product\/119\/revisions\/6135"}],"wp:featuredmedia":[{"embeddable":true,"href":"https:\/\/publikationen.zhdk.ch\/index.php?rest_route=\/wp\/v2\/media\/221"}],"wp:attachment":[{"href":"https:\/\/publikationen.zhdk.ch\/index.php?rest_route=%2Fwp%2Fv2%2Fmedia&parent=119"}],"wp:term":[{"taxonomy":"product_brand","embeddable":true,"href":"https:\/\/publikationen.zhdk.ch\/index.php?rest_route=%2Fwp%2Fv2%2Fproduct_brand&post=119"},{"taxonomy":"product_cat","embeddable":true,"href":"https:\/\/publikationen.zhdk.ch\/index.php?rest_route=%2Fwp%2Fv2%2Fproduct_cat&post=119"},{"taxonomy":"product_tag","embeddable":true,"href":"https:\/\/publikationen.zhdk.ch\/index.php?rest_route=%2Fwp%2Fv2%2Fproduct_tag&post=119"}],"curies":[{"name":"wp","href":"https:\/\/api.w.org\/{rel}","templated":true}]}}