{"id":1179,"date":"2019-04-23T16:35:47","date_gmt":"2019-04-23T14:35:47","guid":{"rendered":"http:\/\/publikationen.zhdk.ch\/?post_type=product&#038;p=1179"},"modified":"2023-08-10T11:09:52","modified_gmt":"2023-08-10T09:09:52","slug":"ausgewandert-eingetanzt","status":"publish","type":"product","link":"https:\/\/publikationen.zhdk.ch\/?product=ausgewandert-eingetanzt","title":{"rendered":"Ausgewandert, eingetanzt | Fumi Matsuda"},"content":{"rendered":"<p>ZHdK: Institute for the Performing Arts and Film (IPF)<\/p>\n<p>&nbsp;<\/p>\n<p>&nbsp;<\/p>\n","protected":false},"excerpt":{"rendered":"<p>In ihrer autobiographischen Erz\u00e4hlung beschreibt Fumi Masuda, wie sie als junge T\u00e4nzerin Anfang der 1970er-Jahre eine Reise von Yokohama \u00fcber Moskau und Wien nach Bochum antritt, um sich im zeitgen\u00f6ssischen Modern Dance weiterzubilden. Ihre Reise f\u00fchrt sie bald nach Z\u00fcrich, wo sie seither lebt. Fumi Matsuda erz\u00e4hlt von ihren ersten Jahren in Europa, der Z\u00fcrcher Frauenbewegung und ihren Anf\u00e4ngen als Gelegenheitsarbeiterin, dem Leben als alleinerziehende Mutter und ihrer Entwicklung zur T\u00e4nzerin, Tanzlehrerin, Choreographin und sp\u00e4ter zur Professorin f\u00fcr Bewegung an der Z\u00fcrcher Hochschule der K\u00fcnste. Dabei ist ein aussergew\u00f6hnliches Zeitportr\u00e4t des Schweizer Kulturlebens entstanden. Die T\u00e4nzerin beeindruckt mit einem Text, der Zeugnis von einer lebenslangen Passion ablegt. Redaktion: Anton Rey<\/p>\n<p><a href=\"https:\/\/publikationen.zhdk.ch\/?product_cat=subtexte\">subTexte<\/a>\u00a015<\/p>\n<p>160 Seiten,\u00a0Zyglogge Verlag, 2018<br \/>\nISBN 978-3-7296-0982-2<\/p>\n","protected":false},"featured_media":1183,"template":"","meta":[],"product_brand":[],"product_cat":[429,157,243,569],"product_tag":[639,635,637],"class_list":{"0":"post-1179","1":"product","2":"type-product","3":"status-publish","4":"has-post-thumbnail","6":"product_cat-matsuda-fumi","7":"product_cat-ipf","8":"product_cat-rey-anton","9":"product_cat-subtexte","10":"product_tag-choreografin","11":"product_tag-fumi-matsuda","12":"product_tag-taenzerin","14":"first","15":"instock","16":"shipping-taxable","17":"product-type-external"},"_links":{"self":[{"href":"https:\/\/publikationen.zhdk.ch\/index.php?rest_route=\/wp\/v2\/product\/1179","targetHints":{"allow":["GET"]}}],"collection":[{"href":"https:\/\/publikationen.zhdk.ch\/index.php?rest_route=\/wp\/v2\/product"}],"about":[{"href":"https:\/\/publikationen.zhdk.ch\/index.php?rest_route=\/wp\/v2\/types\/product"}],"version-history":[{"count":6,"href":"https:\/\/publikationen.zhdk.ch\/index.php?rest_route=\/wp\/v2\/product\/1179\/revisions"}],"predecessor-version":[{"id":5987,"href":"https:\/\/publikationen.zhdk.ch\/index.php?rest_route=\/wp\/v2\/product\/1179\/revisions\/5987"}],"wp:featuredmedia":[{"embeddable":true,"href":"https:\/\/publikationen.zhdk.ch\/index.php?rest_route=\/wp\/v2\/media\/1183"}],"wp:attachment":[{"href":"https:\/\/publikationen.zhdk.ch\/index.php?rest_route=%2Fwp%2Fv2%2Fmedia&parent=1179"}],"wp:term":[{"taxonomy":"product_brand","embeddable":true,"href":"https:\/\/publikationen.zhdk.ch\/index.php?rest_route=%2Fwp%2Fv2%2Fproduct_brand&post=1179"},{"taxonomy":"product_cat","embeddable":true,"href":"https:\/\/publikationen.zhdk.ch\/index.php?rest_route=%2Fwp%2Fv2%2Fproduct_cat&post=1179"},{"taxonomy":"product_tag","embeddable":true,"href":"https:\/\/publikationen.zhdk.ch\/index.php?rest_route=%2Fwp%2Fv2%2Fproduct_tag&post=1179"}],"curies":[{"name":"wp","href":"https:\/\/api.w.org\/{rel}","templated":true}]}}