{"id":1151,"date":"2019-04-23T16:10:10","date_gmt":"2019-04-23T14:10:10","guid":{"rendered":"http:\/\/publikationen.zhdk.ch\/?post_type=product&#038;p=1151"},"modified":"2023-08-10T11:22:28","modified_gmt":"2023-08-10T09:22:28","slug":"researchfilm","status":"publish","type":"product","link":"https:\/\/publikationen.zhdk.ch\/?product=researchfilm","title":{"rendered":"research@film | Lucie Bader Egloff, Gabriela Christen, Stefan Sch\u00f6bi (Hg.) [E-Book PDF]"},"content":{"rendered":"<p>Mit Reflexionen und Ans\u00e4tzen zur begrifflichen Auslegung von k\u00fcnstlerischer Forschung, Fallbeispielen zur Umsetzung einer praxisorientierten Forschung sowie einem Gespr\u00e4ch an der Schnittstelle von Forschungs- und Filmf\u00f6rderung, richtet subTexte 04 den Fokus auf Forschung und Film. Film wird dabei nicht nur als autorschaftliches Medium der Forschung begriffen, sondern ist selber ein Medium der Forschung.<\/p>\n<p>Am Z\u00fcrcher Dokumentarfilmforum ZDOK.09 pr\u00e4sentierten und diskutierten Vertreterinnen und Vertreter von europ\u00e4ischen Universit\u00e4ten, Filmhochschulen und Fachhochschulen aus verschiedenen Blickwinkeln ihre Erfahrungen mit der filmischen Forschung in den Fachbereichen Ethnologie, Dokumentarfilm, Medientechnologie und Filmwissenschaft.<\/p>\n<p>Der Band subTexte 04 ist in vier Teile gegliedert. Der erste Teil umfasst die Referate des Symposiums; der zweite pr\u00e4sentiert unter dem Titel \u201eStreiflichter\u201c Beispiele von Forschungsprojekten mit dem Medium Film. Einen Einblick in die Podiumsgespr\u00e4che gibt der dritte Teil. Der letzte Teil ist dem Alexis Victor Thalberg-Preis gewidmet, der j\u00e4hrlich an innovative studentische Dokumentarfilme verliehen wird. Auf der beiliegenden DVD werden die Siegerfilme von 2009 pr\u00e4sentiert.<\/p>\n<p>ZHdK: Institute for the Performing Arts and Film (IPF)<\/p>\n","protected":false},"excerpt":{"rendered":"<p>Forschung zwischen Kunst und Wissenschaft<\/p>\n<p>Mit Reflexionen und Ans\u00e4tzen zur begrifflichen Auslegung von k\u00fcnstlerischer Forschung, Fallbeispielen zur Umsetzung einer praxisorientierten Forschung sowie einem Gespr\u00e4ch an der Schnittstelle von Forschungs- und Filmf\u00f6rderung, richtet subTexte 04 den Fokus auf Forschung und Film. Film wird dabei nicht nur als autorschaftliches Medium der Forschung begriffen, sondern ist selber ein Medium der Forschung.<\/p>\n<p><a href=\"https:\/\/publikationen.zhdk.ch\/?product_cat=subtexte\">subTexte<\/a> 04<\/p>\n<p>84 Seiten, DVD,\u00a0Institute for the Performing Arts and Film ZHdK, 2010<br \/>\nISBN 978-3-89581-383-2<br \/>\nPrintausgabe vergriffen<\/p>\n<p>&nbsp;<\/p>\n","protected":false},"featured_media":4081,"template":"","meta":[],"product_brand":[],"product_cat":[587,521,221,1514,1014,157,585,569],"product_tag":[619,625],"class_list":{"0":"post-1151","1":"product","2":"type-product","3":"status-publish","4":"has-post-thumbnail","6":"product_cat-bader-egloff-lucie","7":"product_cat-christen-gabriela","8":"product_cat-e-books","9":"product_cat-e-publikationen","10":"product_cat-open-access","11":"product_cat-ipf","12":"product_cat-schoebi-stefan","13":"product_cat-subtexte","14":"product_tag-film","15":"product_tag-forschung","17":"first","18":"instock","19":"shipping-taxable","20":"product-type-external"},"_links":{"self":[{"href":"https:\/\/publikationen.zhdk.ch\/index.php?rest_route=\/wp\/v2\/product\/1151","targetHints":{"allow":["GET"]}}],"collection":[{"href":"https:\/\/publikationen.zhdk.ch\/index.php?rest_route=\/wp\/v2\/product"}],"about":[{"href":"https:\/\/publikationen.zhdk.ch\/index.php?rest_route=\/wp\/v2\/types\/product"}],"version-history":[{"count":7,"href":"https:\/\/publikationen.zhdk.ch\/index.php?rest_route=\/wp\/v2\/product\/1151\/revisions"}],"predecessor-version":[{"id":6021,"href":"https:\/\/publikationen.zhdk.ch\/index.php?rest_route=\/wp\/v2\/product\/1151\/revisions\/6021"}],"wp:featuredmedia":[{"embeddable":true,"href":"https:\/\/publikationen.zhdk.ch\/index.php?rest_route=\/wp\/v2\/media\/4081"}],"wp:attachment":[{"href":"https:\/\/publikationen.zhdk.ch\/index.php?rest_route=%2Fwp%2Fv2%2Fmedia&parent=1151"}],"wp:term":[{"taxonomy":"product_brand","embeddable":true,"href":"https:\/\/publikationen.zhdk.ch\/index.php?rest_route=%2Fwp%2Fv2%2Fproduct_brand&post=1151"},{"taxonomy":"product_cat","embeddable":true,"href":"https:\/\/publikationen.zhdk.ch\/index.php?rest_route=%2Fwp%2Fv2%2Fproduct_cat&post=1151"},{"taxonomy":"product_tag","embeddable":true,"href":"https:\/\/publikationen.zhdk.ch\/index.php?rest_route=%2Fwp%2Fv2%2Fproduct_tag&post=1151"}],"curies":[{"name":"wp","href":"https:\/\/api.w.org\/{rel}","templated":true}]}}