{"id":1141,"date":"2019-04-23T15:48:36","date_gmt":"2019-04-23T13:48:36","guid":{"rendered":"http:\/\/publikationen.zhdk.ch\/?post_type=product&#038;p=1141"},"modified":"2023-08-10T11:23:06","modified_gmt":"2023-08-10T09:23:06","slug":"kuenstlerische-forschung-2","status":"publish","type":"product","link":"https:\/\/publikationen.zhdk.ch\/?product=kuenstlerische-forschung-2","title":{"rendered":"K\u00fcnstlerische Forschung. Positionen und Perspektiven | Anton Rey, Stefan Sch\u00f6bi (Hg.) [E-Book PDF]"},"content":{"rendered":"<p>Artistic research is currently the site of a fierce debate: on the one hand, on the epistemological objectives, procedures, and instruments of such research; on the other, on the authority and specialization of those contributing to the field. Intended to provide guidance for researchers and artists, subTexte 03 gathers four positions and perspectives on research into, for, and within art.<\/p>\n<p>Editors: Anton Rey and Stefan Sch\u00f6bi<br \/>\nContributors: Dirk Baecker, Henk Borgdorff, S\u00f8nke Gau, Alfred Nordmann, Katharina Schlieben<\/p>\n<p>ZHdK: Institute for the Performing Arts and Film (IPF)<\/p>\n<p>&nbsp;<\/p>\n","protected":false},"excerpt":{"rendered":"<p id=\"tw-target-text\" class=\"tw-data-text tw-ta tw-text-small\" dir=\"ltr\" data-placeholder=\"\u00dcbersetzung\"><span lang=\"de\">K\u00fcnstlerische Forschung ist derzeit der Ort ener heftigen Debatte: einerseits \u00fcber die erkenntnistheoretischen Ziel, Verfahren und Instrumente dieser Forschung; zum anderen \u00fcber die Autorit\u00e4t und Spezialisierung derjenigen, die zu diesem Bereich beitragen. SubTexte 03 dient als Orientierungshilfe f\u00fcr Forscher und K\u00fcnstler und sammelt vier Positionen und Perspektiven der Forschung in, f\u00fcr und innerhalb der Kunst. <\/span>Mit Beitr\u00e4gen von Dirk Baecker, Henk Borgdorff, S\u00f8nke Gau, Alfred Nordmann, Katharina Schlieben.<\/p>\n<p><a href=\"https:\/\/publikationen.zhdk.ch\/?product_cat=subtexte\">subTexte<\/a> 03<\/p>\n<p>52 Seiten (PDF), Institute for the Performing Arts and Film ZHdK, 2009<br \/>\nISBN 978-3-906437-30-9<br \/>\nPrintausgabe vergriffen<\/p>\n","protected":false},"featured_media":4079,"template":"","meta":[],"product_brand":[],"product_cat":[221,1514,1014,157,243,585,569],"product_tag":[625,627],"class_list":{"0":"post-1141","1":"product","2":"type-product","3":"status-publish","4":"has-post-thumbnail","6":"product_cat-e-books","7":"product_cat-e-publikationen","8":"product_cat-open-access","9":"product_cat-ipf","10":"product_cat-rey-anton","11":"product_cat-schoebi-stefan","12":"product_cat-subtexte","13":"product_tag-forschung","14":"product_tag-kunst","16":"first","17":"instock","18":"shipping-taxable","19":"product-type-external"},"_links":{"self":[{"href":"https:\/\/publikationen.zhdk.ch\/index.php?rest_route=\/wp\/v2\/product\/1141","targetHints":{"allow":["GET"]}}],"collection":[{"href":"https:\/\/publikationen.zhdk.ch\/index.php?rest_route=\/wp\/v2\/product"}],"about":[{"href":"https:\/\/publikationen.zhdk.ch\/index.php?rest_route=\/wp\/v2\/types\/product"}],"version-history":[{"count":10,"href":"https:\/\/publikationen.zhdk.ch\/index.php?rest_route=\/wp\/v2\/product\/1141\/revisions"}],"predecessor-version":[{"id":6023,"href":"https:\/\/publikationen.zhdk.ch\/index.php?rest_route=\/wp\/v2\/product\/1141\/revisions\/6023"}],"wp:featuredmedia":[{"embeddable":true,"href":"https:\/\/publikationen.zhdk.ch\/index.php?rest_route=\/wp\/v2\/media\/4079"}],"wp:attachment":[{"href":"https:\/\/publikationen.zhdk.ch\/index.php?rest_route=%2Fwp%2Fv2%2Fmedia&parent=1141"}],"wp:term":[{"taxonomy":"product_brand","embeddable":true,"href":"https:\/\/publikationen.zhdk.ch\/index.php?rest_route=%2Fwp%2Fv2%2Fproduct_brand&post=1141"},{"taxonomy":"product_cat","embeddable":true,"href":"https:\/\/publikationen.zhdk.ch\/index.php?rest_route=%2Fwp%2Fv2%2Fproduct_cat&post=1141"},{"taxonomy":"product_tag","embeddable":true,"href":"https:\/\/publikationen.zhdk.ch\/index.php?rest_route=%2Fwp%2Fv2%2Fproduct_tag&post=1141"}],"curies":[{"name":"wp","href":"https:\/\/api.w.org\/{rel}","templated":true}]}}