{"id":1117,"date":"2019-04-23T15:29:18","date_gmt":"2019-04-23T13:29:18","guid":{"rendered":"http:\/\/publikationen.zhdk.ch\/?post_type=product&#038;p=1117"},"modified":"2023-08-10T11:24:29","modified_gmt":"2023-08-10T09:24:29","slug":"attention-artaud","status":"publish","type":"product","link":"https:\/\/publikationen.zhdk.ch\/?product=attention-artaud","title":{"rendered":"Attention Artaud | Anton Rey, Stefan Sch\u00f6bi, Benno Wirz (Hg.)"},"content":{"rendered":"<p>Im Rahmen des Forschungsprojekts \u00abAttention Artaud\u00bb und der gleichnamigen Inszenierung erschien im Juni 2008 die erste Ausgabe der IPF-Publikationsreihe subTexte.<br \/>\nAntonin Artauds Werk r\u00fchrt an den Grenzen von Dasein und Kunst. Wie ein Gespenst sucht uns bei Artaud das Andere auf, das Jenseitige, das Unfassliche. In der Konfrontation mit dem Unheimlichen spannt sich in seinem verunsichernden Potential ein produktiver Denkraum auf, mit dem das Theaterprojekt Attention Artaud spielt. Erg\u00e4nzend dazu diskutieren in subTexte 01 Elisabeth Bronfen, Stephan M\u00fcller, Gerald Siegmund und Benno Wirz die Thematik des Gespenstes als Ph\u00e4nomen von abendl\u00e4ndischer Kunst und Kultur.<\/p>\n<p>Herausgegeben von Anton Rey, Stefan Sch\u00f6bi und Benno Wirz. Mit Beitr\u00e4gen von Elisabeth Bronfen, Stephan M\u00fcller, Gerald Siegmund und Benno Wirz.<\/p>\n<p>ZHdK: Institute for the Performing Arts and Film (IPF)<\/p>\n","protected":false},"excerpt":{"rendered":"<p>Antonin Artauds Werk r\u00fchrt an den Grenzen von Dasein und Kunst. Wie ein Gespenst sucht uns bei Artaud das Andere auf, das Jenseitige, das Unfassliche. In der Konfrontation mit dem Unheimlichen spannt sich in seinem verunsichernden Potential ein produktiver Denkraum auf, mit dem das Theaterprojekt Attention Artaud spielt. Erg\u00e4nzend dazu diskutieren in subTexte 01 Elisabeth Bronfen, Stephan M\u00fcller, Gerald Siegmund und Benno Wirz die Thematik des Gespenstes als Ph\u00e4nomen von abendl\u00e4ndischer Kunst und Kultur.<\/p>\n<p><a href=\"https:\/\/publikationen.zhdk.ch\/?product_cat=subtexte\">subTexte<\/a> 01<\/p>\n<p>52 Seiten, Alexander Verlag, 2008<br \/>\nISBN 978-3-89581-382-5<\/p>\n","protected":false},"featured_media":4077,"template":"","meta":[],"product_brand":[],"product_cat":[157,243,585,569,589],"product_tag":[629],"class_list":{"0":"post-1117","1":"product","2":"type-product","3":"status-publish","4":"has-post-thumbnail","6":"product_cat-ipf","7":"product_cat-rey-anton","8":"product_cat-schoebi-stefan","9":"product_cat-subtexte","10":"product_cat-wirz-benno","11":"product_tag-antonin-artaud","13":"first","14":"instock","15":"shipping-taxable","16":"product-type-external"},"_links":{"self":[{"href":"https:\/\/publikationen.zhdk.ch\/index.php?rest_route=\/wp\/v2\/product\/1117","targetHints":{"allow":["GET"]}}],"collection":[{"href":"https:\/\/publikationen.zhdk.ch\/index.php?rest_route=\/wp\/v2\/product"}],"about":[{"href":"https:\/\/publikationen.zhdk.ch\/index.php?rest_route=\/wp\/v2\/types\/product"}],"version-history":[{"count":9,"href":"https:\/\/publikationen.zhdk.ch\/index.php?rest_route=\/wp\/v2\/product\/1117\/revisions"}],"predecessor-version":[{"id":6027,"href":"https:\/\/publikationen.zhdk.ch\/index.php?rest_route=\/wp\/v2\/product\/1117\/revisions\/6027"}],"wp:featuredmedia":[{"embeddable":true,"href":"https:\/\/publikationen.zhdk.ch\/index.php?rest_route=\/wp\/v2\/media\/4077"}],"wp:attachment":[{"href":"https:\/\/publikationen.zhdk.ch\/index.php?rest_route=%2Fwp%2Fv2%2Fmedia&parent=1117"}],"wp:term":[{"taxonomy":"product_brand","embeddable":true,"href":"https:\/\/publikationen.zhdk.ch\/index.php?rest_route=%2Fwp%2Fv2%2Fproduct_brand&post=1117"},{"taxonomy":"product_cat","embeddable":true,"href":"https:\/\/publikationen.zhdk.ch\/index.php?rest_route=%2Fwp%2Fv2%2Fproduct_cat&post=1117"},{"taxonomy":"product_tag","embeddable":true,"href":"https:\/\/publikationen.zhdk.ch\/index.php?rest_route=%2Fwp%2Fv2%2Fproduct_tag&post=1117"}],"curies":[{"name":"wp","href":"https:\/\/api.w.org\/{rel}","templated":true}]}}