{"id":1107,"date":"2019-04-23T15:18:46","date_gmt":"2019-04-23T13:18:46","guid":{"rendered":"http:\/\/publikationen.zhdk.ch\/?post_type=product&#038;p=1107"},"modified":"2022-04-19T13:59:57","modified_gmt":"2022-04-19T11:59:57","slug":"kuenstlerische-forschung-pdf","status":"publish","type":"product","link":"https:\/\/publikationen.zhdk.ch\/?product=kuenstlerische-forschung-pdf","title":{"rendered":"K\u00fcnstlerische Forschung. Ein Handbuch | Jens Badura, Selma Dubach et al. (Hg.) [E-Book PDF]"},"content":{"rendered":"<p>Die Debatte um \u00bbK\u00fcnstlerische Forschung\u00ab hat einen hohen Grad an Differenzierung erreicht, sei es in ihrer allgemeinen, theorieorientierten Dimension, sei es auf der Ebene der Praxis des k\u00fcnstlerischen Forschens selbst. Alles deutet darauf hin, dass sich die K\u00fcnstlerische Forschung an der Schwelle zu einer Institutionalisierung befindet.<\/p>\n<div class=\"d-box d-box-6 \">\n<div class=\"spacer\">\n<p>Ziel des Bandes ist es nicht nur, eine Bestandsaufnahme der unterschiedlichen Frage- und Themenstellungen zu erstellen, sondern auch jene Kontroversen abzubilden, aufgrund derer man den Prozess einer vorschnellen \u00bbDisziplinierung\u00ab der k\u00fcnstlerischen Forschung kritisch betrachten mag. Entlang einiger Leitfragen (Auf welche Art von Erkenntnis zielt k\u00fcnstlerischer Forschung und in welchem Verh\u00e4ltnis stehen diese zu anderen Formen der Erkenntnisbildung? Was ist das Spezifikum im Vorgehen k\u00fcnstlerischen Forschens? In welche Rahmenbedingungen historischer, institutioneller, politischer Art ist der derzeitige Diskurs zur k\u00fcnstlerischen Forschung eingebettet; welche Rolle spielen hier Kunsthochschulen, Forschungs- und Kunstf\u00f6rderung?) entwirft der Band eine Topographie des gesamten Feldes der Debatte um k\u00fcnstlerische Forschung.<\/p>\n<\/div>\n<\/div>\n<p>Herausgeber: Jens Badura (ZHdK), Selma Dubach (ZHdK), Anke Haarmann, Dieter Mersch (ZHdK), Anton Rey (ZHdK), Christoph Schenker (ZHdK), Germ\u00e1n Toro P\u00e9rez (ZHdK)<\/p>\n<p>ZHdK: Institute for the Performing Arts and Film (IPF) \/ Institute for Computer Music and Sound Technology (ICST) \/\u00a0 Institute for contemporary Art research (IfCAr) \/ Institut f\u00fcr Theorie (ITH) \/ Forschungsschwerpunkt Transdisziplinarit\u00e4t (fst)<\/p>\n","protected":false},"excerpt":{"rendered":"<p>Die Debatte um \u00bbK\u00fcnstlerische Forschung\u00ab hat einen hohen Grad an Differenzierung erreicht, sei es in ihrer allgemeinen, theorieorientierten Dimension, sei es auf der Ebene der Praxis des k\u00fcnstlerischen Forschens selbst. Alles deutet darauf hin, dass sich die K\u00fcnstlerische Forschung an der Schwelle zu einer Institutionalisierung befindet. Ziel des Bandes ist es nicht nur, eine Bestandsaufnahme der unterschiedlichen Frage- und Themenstellungen zu erstellen, sondern auch jene Kontroversen abzubilden, aufgrund derer man den Prozess einer vorschnellen \u00bbDisziplinierung\u00ab der k\u00fcnstlerischen Forschung kritisch betrachten mag. Entlang einiger Leitfragen entwirft der Band eine Topographie des gesamten Feldes der Debatte um k\u00fcnstlerische Forschung.<\/p>\n<p>344 Seiten (PDF), Diaphanes, 2015<br \/>\nISBN <span class=\"isbn\">978-3-03734-880-2<\/span><\/p>\n","protected":false},"featured_media":1039,"template":"","meta":[],"product_brand":[],"product_cat":[237,143,145,149,249,221,247,245,157,243,239,241,159],"product_tag":[625,627],"class_list":{"0":"post-1107","1":"product","2":"type-product","3":"status-publish","4":"has-post-thumbnail","6":"product_cat-badura-jens","7":"product_cat-icst","8":"product_cat-ifcar","9":"product_cat-ith","10":"product_cat-dubach-selma","11":"product_cat-e-books","12":"product_cat-haarmann-anke","13":"product_cat-mersch-dieter","14":"product_cat-ipf","15":"product_cat-rey-anton","16":"product_cat-schenker-christoph","17":"product_cat-toro-perez-german","18":"product_cat-fspt","19":"product_tag-forschung","20":"product_tag-kunst","22":"first","23":"instock","24":"shipping-taxable","25":"product-type-external"},"_links":{"self":[{"href":"https:\/\/publikationen.zhdk.ch\/index.php?rest_route=\/wp\/v2\/product\/1107","targetHints":{"allow":["GET"]}}],"collection":[{"href":"https:\/\/publikationen.zhdk.ch\/index.php?rest_route=\/wp\/v2\/product"}],"about":[{"href":"https:\/\/publikationen.zhdk.ch\/index.php?rest_route=\/wp\/v2\/types\/product"}],"version-history":[{"count":7,"href":"https:\/\/publikationen.zhdk.ch\/index.php?rest_route=\/wp\/v2\/product\/1107\/revisions"}],"predecessor-version":[{"id":3400,"href":"https:\/\/publikationen.zhdk.ch\/index.php?rest_route=\/wp\/v2\/product\/1107\/revisions\/3400"}],"wp:featuredmedia":[{"embeddable":true,"href":"https:\/\/publikationen.zhdk.ch\/index.php?rest_route=\/wp\/v2\/media\/1039"}],"wp:attachment":[{"href":"https:\/\/publikationen.zhdk.ch\/index.php?rest_route=%2Fwp%2Fv2%2Fmedia&parent=1107"}],"wp:term":[{"taxonomy":"product_brand","embeddable":true,"href":"https:\/\/publikationen.zhdk.ch\/index.php?rest_route=%2Fwp%2Fv2%2Fproduct_brand&post=1107"},{"taxonomy":"product_cat","embeddable":true,"href":"https:\/\/publikationen.zhdk.ch\/index.php?rest_route=%2Fwp%2Fv2%2Fproduct_cat&post=1107"},{"taxonomy":"product_tag","embeddable":true,"href":"https:\/\/publikationen.zhdk.ch\/index.php?rest_route=%2Fwp%2Fv2%2Fproduct_tag&post=1107"}],"curies":[{"name":"wp","href":"https:\/\/api.w.org\/{rel}","templated":true}]}}