{"id":1073,"date":"2019-04-23T14:53:10","date_gmt":"2019-04-23T12:53:10","guid":{"rendered":"http:\/\/publikationen.zhdk.ch\/?post_type=product&#038;p=1073"},"modified":"2023-08-10T11:19:12","modified_gmt":"2023-08-10T09:19:12","slug":"75-jahre-schauspielschule","status":"publish","type":"product","link":"https:\/\/publikationen.zhdk.ch\/?product=75-jahre-schauspielschule","title":{"rendered":"75 Jahre Schauspielschule Z\u00fcrich | Hartmut Wickert, Anton Rey (Hg.)"},"content":{"rendered":"<p><span class=\"value\">Die Geschichte von der Gr\u00fcndung des B\u00fchnenstudios bis zur Entstehung des Departements Darstellende Kunst und Film der ZHdK ist nicht nur die Geschichte von 75 Jahre Schauspielausbildung in Z\u00fcrich, sondern zugleich ein wichtiges St\u00fcck Z\u00fcrcher Stadtgeschichte. Die Publikation bietet eine historische, mit vielf\u00e4ltigem Bild- und Informationsmaterial versehene Dokumentation \u00fcber die verschiedenen Stationen und die pr\u00e4genden Personen dieser Geschichte. Dabei kommen zahlreiche Zeitzeugen aus den unterschiedlichen Phasen der Entwicklung der Schauspielausbildung zu Wort und ein Bildessay bietet Einblicke in den heutigen, Theater, Tanz und Film umfassenden Ausbildungsalltag am Departement.<\/span><\/p>\n<p>ZHdK: Institute for the Performing Arts and Film<\/p>\n","protected":false},"excerpt":{"rendered":"<p>Vom B\u00fchnenstudio zur Z\u00fcrcher Hochschule der K\u00fcnste. Geschichte und Gegenwart der Schauspielausbildung in Z\u00fcrich 1937 bis 2012. Hrsg. Departement Darstellende K\u00fcnste und Film, Z\u00fcrcher Hochschule der K\u00fcnste<\/p>\n<p>Mit einem Fotoessay von Lukas Wassmann und mit Beitr\u00e4gen von Ute Kr\u00f6ger, Ralph M\u00fcller, Bruno Ganz, Peter Bissegger, Gardi Hutter, Hanspeter M\u00fcller-Drossaart, Peter Danzeisen, Hartmut Wickert und vielen anderen.<\/p>\n<p><a href=\"https:\/\/publikationen.zhdk.ch\/?product_cat=subtexte\">subTexte<\/a><\/p>\n<p>164 Seiten, Z\u00fcrcher Hochschule der K\u00fcnste, 2012<br \/>\nISBN <span class=\"value\">978-3-906437-37-8<br \/>\nPrintausgabe vergriffen, konsultierbar im Archiv ZHdK (Metadaten siehe eMuseum)<br \/>\n<\/span><\/p>\n<p>&nbsp;<\/p>\n","protected":false},"featured_media":1077,"template":"","meta":[],"product_brand":[],"product_cat":[157,243,569,593],"product_tag":[617],"class_list":{"0":"post-1073","1":"product","2":"type-product","3":"status-publish","4":"has-post-thumbnail","6":"product_cat-ipf","7":"product_cat-rey-anton","8":"product_cat-subtexte","9":"product_cat-wickert-hartmut","10":"product_tag-schauspielschule","12":"first","13":"instock","14":"shipping-taxable","15":"product-type-external"},"_links":{"self":[{"href":"https:\/\/publikationen.zhdk.ch\/index.php?rest_route=\/wp\/v2\/product\/1073","targetHints":{"allow":["GET"]}}],"collection":[{"href":"https:\/\/publikationen.zhdk.ch\/index.php?rest_route=\/wp\/v2\/product"}],"about":[{"href":"https:\/\/publikationen.zhdk.ch\/index.php?rest_route=\/wp\/v2\/types\/product"}],"version-history":[{"count":8,"href":"https:\/\/publikationen.zhdk.ch\/index.php?rest_route=\/wp\/v2\/product\/1073\/revisions"}],"predecessor-version":[{"id":6011,"href":"https:\/\/publikationen.zhdk.ch\/index.php?rest_route=\/wp\/v2\/product\/1073\/revisions\/6011"}],"wp:featuredmedia":[{"embeddable":true,"href":"https:\/\/publikationen.zhdk.ch\/index.php?rest_route=\/wp\/v2\/media\/1077"}],"wp:attachment":[{"href":"https:\/\/publikationen.zhdk.ch\/index.php?rest_route=%2Fwp%2Fv2%2Fmedia&parent=1073"}],"wp:term":[{"taxonomy":"product_brand","embeddable":true,"href":"https:\/\/publikationen.zhdk.ch\/index.php?rest_route=%2Fwp%2Fv2%2Fproduct_brand&post=1073"},{"taxonomy":"product_cat","embeddable":true,"href":"https:\/\/publikationen.zhdk.ch\/index.php?rest_route=%2Fwp%2Fv2%2Fproduct_cat&post=1073"},{"taxonomy":"product_tag","embeddable":true,"href":"https:\/\/publikationen.zhdk.ch\/index.php?rest_route=%2Fwp%2Fv2%2Fproduct_tag&post=1073"}],"curies":[{"name":"wp","href":"https:\/\/api.w.org\/{rel}","templated":true}]}}