{"id":1061,"date":"2019-04-23T11:40:50","date_gmt":"2019-04-23T09:40:50","guid":{"rendered":"http:\/\/publikationen.zhdk.ch\/?post_type=product&#038;p=1061"},"modified":"2022-04-19T13:57:51","modified_gmt":"2022-04-19T11:57:51","slug":"experten-des-alltags","status":"publish","type":"product","link":"https:\/\/publikationen.zhdk.ch\/?product=experten-des-alltags","title":{"rendered":"Experten des Alltags. Das Theater von Rimini Protokoll | Miriam Dreysse, Florian Malzacher (Hg.)"},"content":{"rendered":"<p>Selten findet die Auseinandersetzung mit der Realit\u00e4t so konsequent, radikal und zugleich einf\u00fchlsam, raffiniert und spielerisch statt, wie im Theater von Rimini Protokoll: Alte Damen um die Achtzig, Teenager, arbeitslose Fluglotsen, gescheiterte B\u00fcrgermeisterkandidaten, Vietnamsoldaten, Trauerredner, Fernfahrer, Rechtsanw\u00e4lte &#8211; immer stehen &#8218;echte Menschen&#8216; im Mittelpunkt der Inszenierungen.<\/p>\n<p>Markenzeichen ihrer dokumentarischen Inszenierungen ist die Arbeit mit nichtprofessionellen Darstellern, die als &#8218;Experten&#8216; direkt aus dem Alltag auf die B\u00fchne geholt werden. Auch mit der Auswahl au\u00dfergew\u00f6hnlicher Spielorte &#8211; u.a. der am politischen Veto gescheiterte Versuch, den ehemaligen Bundestag in Bonn zu bespielen (Deutschland 2, 2002), die Liveinszenierung eines Platzes in der Hannoveraner Innenstadt (Sonde Hannover, 2002) oder per Handy gesteuerte Spazierg\u00e4nge durch Berlin Kreuzberg und Kalkutta (Call Cutta. A mobile phone theatre, 2005) &#8211; machen Rimini Protokoll auf sich aufmerksam.<\/p>\n<p>Erstmals wird nun die Arbeit des erfolgreichen Regietrios in einem Band dargestellt und reflektiert. Journalisten, Wissenschaftler und K\u00fcnstler, die seit vielen Jahren mit dem Werk von Rimini Protokoll vertraut sind, widmen sich in essayistischen, wissenschaftlichen und dokumentarischen Beitr\u00e4gen unterschiedlichen Fragestellungen und Projekten im Rahmen einer umfassenden Monographie. Zahlreiche Fotographien und ein vollst\u00e4ndiges Werkverzeichnis erg\u00e4nzen den Band.<\/p>\n<p>Mit Beitr\u00e4gen von Eva Behrendt, Diedrich Diederichsen, Heiner Goebbels, Martina M\u00fcller-Wallraf, Hans-Thies Lehmann, Annemarie Matzke,Tobi M\u00fcller, Rimini Protokoll, Georg See\u00dfen, Gerald Siegmund.<\/p>\n<p>ZHdK: Institute for the Performing Arts and Film (IPF)<\/p>\n","protected":false},"excerpt":{"rendered":"<p>Alte Damen, Teenager, arbeitslose Fluglotsen, gescheiterte B\u00fcrgermeisterkandidaten, Vietnamsoldaten, Trauerredner, bulgarische Fernfahrer, indische Call-Center-Mitarbeiter \u2013 immer stehen &#171;echte Menschen&#187; im Mittelpunkt der Regiearbeit von Rimini Protokoll: Sie sind das Markenzeichen der dokumentarischen Inszenierungen von Helgard Haug, Stefan Kaegi und Daniel Wetzel, Experten ihres eigenen Alltags. Selten findet die Auseinandersetzung mit Realit\u00e4t und Fiktion so konsequent und zugleich einf\u00fchlsam und spielerisch statt wie im Theater von Rimini Protokoll. Mit diesem Band werden erstmals B\u00fchnenproduktionen ebenso wie ortsspezifische Arbeiten, Audiotouren und H\u00f6rspiele des erfolgreichen Regietrios durch Journalisten, Wissenschaftler und K\u00fcnstler dargestellt und reflektiert. Mit zahlreichen farbigen Fotografien und einem vollst\u00e4ndigen Werkverzeichnis.<\/p>\n<p>232 Seiten,\u00a0Alexander Verlag, 2007<br \/>\nISBN 978-3-89581-181-4<\/p>\n","protected":false},"featured_media":1055,"template":"","meta":[],"product_brand":[],"product_cat":[553,555,157],"product_tag":[609],"class_list":{"0":"post-1061","1":"product","2":"type-product","3":"status-publish","4":"has-post-thumbnail","6":"product_cat-dreysse-miriam","7":"product_cat-malzacher-florian","8":"product_cat-ipf","9":"product_tag-rimini-protokoll","11":"first","12":"instock","13":"shipping-taxable","14":"product-type-external"},"_links":{"self":[{"href":"https:\/\/publikationen.zhdk.ch\/index.php?rest_route=\/wp\/v2\/product\/1061","targetHints":{"allow":["GET"]}}],"collection":[{"href":"https:\/\/publikationen.zhdk.ch\/index.php?rest_route=\/wp\/v2\/product"}],"about":[{"href":"https:\/\/publikationen.zhdk.ch\/index.php?rest_route=\/wp\/v2\/types\/product"}],"version-history":[{"count":4,"href":"https:\/\/publikationen.zhdk.ch\/index.php?rest_route=\/wp\/v2\/product\/1061\/revisions"}],"predecessor-version":[{"id":3394,"href":"https:\/\/publikationen.zhdk.ch\/index.php?rest_route=\/wp\/v2\/product\/1061\/revisions\/3394"}],"wp:featuredmedia":[{"embeddable":true,"href":"https:\/\/publikationen.zhdk.ch\/index.php?rest_route=\/wp\/v2\/media\/1055"}],"wp:attachment":[{"href":"https:\/\/publikationen.zhdk.ch\/index.php?rest_route=%2Fwp%2Fv2%2Fmedia&parent=1061"}],"wp:term":[{"taxonomy":"product_brand","embeddable":true,"href":"https:\/\/publikationen.zhdk.ch\/index.php?rest_route=%2Fwp%2Fv2%2Fproduct_brand&post=1061"},{"taxonomy":"product_cat","embeddable":true,"href":"https:\/\/publikationen.zhdk.ch\/index.php?rest_route=%2Fwp%2Fv2%2Fproduct_cat&post=1061"},{"taxonomy":"product_tag","embeddable":true,"href":"https:\/\/publikationen.zhdk.ch\/index.php?rest_route=%2Fwp%2Fv2%2Fproduct_tag&post=1061"}],"curies":[{"name":"wp","href":"https:\/\/api.w.org\/{rel}","templated":true}]}}