{"id":1029,"date":"2019-04-22T18:14:18","date_gmt":"2019-04-22T16:14:18","guid":{"rendered":"http:\/\/publikationen.zhdk.ch\/?post_type=product&#038;p=1029"},"modified":"2022-04-19T13:57:10","modified_gmt":"2022-04-19T11:57:10","slug":"wir-muten-ihnen-alles-zu","status":"publish","type":"product","link":"https:\/\/publikationen.zhdk.ch\/?product=wir-muten-ihnen-alles-zu","title":{"rendered":"Wir muten Ihnen alles zu. Peter Trachsel und die Hasena | Michael Hiltbrunner (Hg.)"},"content":{"rendered":"<p>Peter Trachsel (1949\u20132013) war Mitte der 1970er-Jahre als Performancek\u00fcnstler aktiv und am Ausbau der F+F Schule f\u00fcr experimentelle Gestaltung beteiligt. Mit seinem Verein Hasena \u2013 Institut f\u00fcr (den) fliessenden Kunstverkehr realisierte er unterschiedliche Ausstellungs- und Auftrittsformate, ab den 1980er-Jahren vermehrt im l\u00e4ndlichen Raum und unter Beteiligung von Laien. Trachsel gilt als Pionier selbstorganisierter Kunst in der Schweiz. Die Stiftung f\u00fcr (den) fliessenden Kunstverkehr setzt sich seit Trachsels Tod f\u00fcr die Bewahrung seines Werks ein. Diese Monografie arbeitet zum ersten Mal das Schaffen des aussergew\u00f6hnlichen K\u00fcnstlers auf und leistet einen wichtigen Beitrag zur Dokumentation der Schweizer Performancekunst. Die Essays setzen sich mit Trachsels Medienvielfalt und seinem Interesse f\u00fcr partizipative Projektmodelle auseinander. Erg\u00e4nzt werden sie durch Fotografien seiner Performances sowie Briefe und Zeichnungen von Kolleginnen und Kollegen, die einen Einblick in die Arbeits- und Denkweise von Trachsel und seinem Umfeld geben.<\/p>\n<p>Herausgegeben von Michael Hiltbrunner und der Stiftung f\u00fcr fliessenden Kunstverkehr.<br \/>\nMit Beitr\u00e4gen von Linus Bill, Gina De Micheli, Charlotte Gohs, Michael Hiltbrunner, Ginia Holdener, Bernd Kempker, Birgit Kempker, Marc Matter und Yost W\u00e4chter.<\/p>\n<p>ZHdK: Institute for Contemporary Art Research (IFCAR)<\/p>\n","protected":false},"excerpt":{"rendered":"<p>Peter Trachsel (1949\u20132013) war Mitte der 1970er-Jahre als Performancek\u00fcnstler aktiv und am Ausbau der F+F Schule f\u00fcr experimentelle Gestaltung beteiligt. Mit seinem Verein Hasena \u2013 Institut f\u00fcr (den) fliessenden Kunstverkehr realisierte er unterschiedliche Ausstellungs- und Auftrittsformate. Diese Monografie arbeitet zum ersten Mal das Schaffen des aussergew\u00f6hnlichen K\u00fcnstlers auf und leistet einen wichtigen Beitrag zur Dokumentation der Schweizer Performancekunst. Die Essays setzen sich mit Trachsels Medienvielfalt und seinem Interesse f\u00fcr partizipative Projektmodelle auseinander. Erg\u00e4nzt werden sie durch Fotografien seiner Performances sowie Briefe und Zeichnungen von Kolleginnen und Kollegen, die einen Einblick in die Arbeits- und Denkweise von Trachsel und seinem Umfeld geben.<\/p>\n<p>282 Seiten,\u00a0Scheidegger &amp; Spiess, 2018<br \/>\nISBN 978-3-85881-609-2<\/p>\n","protected":false},"featured_media":1031,"template":"","meta":[],"product_brand":[],"product_cat":[145,275],"product_tag":[661,663,659],"class_list":{"0":"post-1029","1":"product","2":"type-product","3":"status-publish","4":"has-post-thumbnail","6":"product_cat-ifcar","7":"product_cat-hiltbrunner-michael","8":"product_tag-ff-schule","9":"product_tag-performance","10":"product_tag-peter-trachsel","12":"first","13":"instock","14":"shipping-taxable","15":"product-type-external"},"_links":{"self":[{"href":"https:\/\/publikationen.zhdk.ch\/index.php?rest_route=\/wp\/v2\/product\/1029","targetHints":{"allow":["GET"]}}],"collection":[{"href":"https:\/\/publikationen.zhdk.ch\/index.php?rest_route=\/wp\/v2\/product"}],"about":[{"href":"https:\/\/publikationen.zhdk.ch\/index.php?rest_route=\/wp\/v2\/types\/product"}],"version-history":[{"count":5,"href":"https:\/\/publikationen.zhdk.ch\/index.php?rest_route=\/wp\/v2\/product\/1029\/revisions"}],"predecessor-version":[{"id":3250,"href":"https:\/\/publikationen.zhdk.ch\/index.php?rest_route=\/wp\/v2\/product\/1029\/revisions\/3250"}],"wp:featuredmedia":[{"embeddable":true,"href":"https:\/\/publikationen.zhdk.ch\/index.php?rest_route=\/wp\/v2\/media\/1031"}],"wp:attachment":[{"href":"https:\/\/publikationen.zhdk.ch\/index.php?rest_route=%2Fwp%2Fv2%2Fmedia&parent=1029"}],"wp:term":[{"taxonomy":"product_brand","embeddable":true,"href":"https:\/\/publikationen.zhdk.ch\/index.php?rest_route=%2Fwp%2Fv2%2Fproduct_brand&post=1029"},{"taxonomy":"product_cat","embeddable":true,"href":"https:\/\/publikationen.zhdk.ch\/index.php?rest_route=%2Fwp%2Fv2%2Fproduct_cat&post=1029"},{"taxonomy":"product_tag","embeddable":true,"href":"https:\/\/publikationen.zhdk.ch\/index.php?rest_route=%2Fwp%2Fv2%2Fproduct_tag&post=1029"}],"curies":[{"name":"wp","href":"https:\/\/api.w.org\/{rel}","templated":true}]}}