{"id":2652,"date":"2019-05-09T19:24:45","date_gmt":"2019-05-09T17:24:45","guid":{"rendered":"http:\/\/publikationen.zhdk.ch\/?page_id=2652"},"modified":"2019-10-23T15:57:27","modified_gmt":"2019-10-23T13:57:27","slug":"impressum","status":"publish","type":"page","link":"https:\/\/publikationen.zhdk.ch\/?page_id=2652","title":{"rendered":"Impressum"},"content":{"rendered":"\n<p>Das Medien- und Informationszentrum MIZ der ZHdK betreibt diese Webseite mit dem Ziel, die an der Hochschule  entstandenen Publikationen  zusammenfassend sichtbar zu machen und  Interessierten die M\u00f6glichkeit  zu deren Erwerb zu geben.  Aufgenommen sind Ver\u00f6ffentlichungen, die  im Handel physisch oder elektronisch erwerbbar oder frei im Internet zug\u00e4nglich sind.  <br><a rel=\"noreferrer noopener\" aria-label=\"Informationen (\u00f6ffnet in neuem Tab)\" href=\"https:\/\/intern.zhdk.ch\/?publikationsvertrieb\" target=\"_blank\">Informationen<\/a> f\u00fcr Angeh\u00f6rige der Hochschule (Intranet)<\/p>\n\n\n\n<p>Z\u00fcrcher Hochschule der K\u00fcnste<br>Pfingstweidstrasse 96<br>8005 Z\u00fcrich<br><a rel=\"noreferrer noopener\" aria-label=\"zhdk.ch (\u00f6ffnet in neuem Tab)\" href=\"http:\/\/www.zhdk.ch\" target=\"_blank\">zhdk.ch<\/a><\/p>\n\n\n\n<p><strong>Verantwortlich f\u00fcr die Inhalte | Kontakt<\/strong><br>Medien- und Informationszentrum MIZ<br><a rel=\"noreferrer noopener\" aria-label=\"miz.zhdk.ch (\u00f6ffnet in neuem Tab)\" href=\"https:\/\/miz.zhdk.ch\" target=\"_blank\">miz.zhdk.ch<\/a><br><a href=\"mailto:miz.publikationen@zhdk.ch\">miz.publikationen[at]zhdk.ch<\/a><\/p>\n\n\n\n<p><strong>Webmaster<\/strong><br>Felix Falkner<br>Z\u00fcrcher Hochschule der K\u00fcnste, Medien- und Informationszentrum<br>Pfingstweidstrasse 96, 8005 Z\u00fcrich<br><br><\/p>\n\n\n\n<p><br><\/p>\n","protected":false},"excerpt":{"rendered":"<p>Das Medien- und Informationszentrum MIZ der ZHdK betreibt diese Webseite mit dem Ziel, die an der Hochschule entstandenen Publikationen zusammenfassend sichtbar zu machen und Interessierten die M\u00f6glichkeit zu deren Erwerb zu geben. Aufgenommen sind Ver\u00f6ffentlichungen, die im Handel physisch oder elektronisch erwerbbar oder frei im Internet zug\u00e4nglich sind. Informationen f\u00fcr Angeh\u00f6rige der Hochschule (Intranet) Z\u00fcrcher [&hellip;]<\/p>\n","protected":false},"author":1,"featured_media":0,"parent":0,"menu_order":0,"comment_status":"closed","ping_status":"closed","template":"","meta":{"footnotes":""},"class_list":["post-2652","page","type-page","status-publish","hentry"],"_links":{"self":[{"href":"https:\/\/publikationen.zhdk.ch\/index.php?rest_route=\/wp\/v2\/pages\/2652","targetHints":{"allow":["GET"]}}],"collection":[{"href":"https:\/\/publikationen.zhdk.ch\/index.php?rest_route=\/wp\/v2\/pages"}],"about":[{"href":"https:\/\/publikationen.zhdk.ch\/index.php?rest_route=\/wp\/v2\/types\/page"}],"author":[{"embeddable":true,"href":"https:\/\/publikationen.zhdk.ch\/index.php?rest_route=\/wp\/v2\/users\/1"}],"replies":[{"embeddable":true,"href":"https:\/\/publikationen.zhdk.ch\/index.php?rest_route=%2Fwp%2Fv2%2Fcomments&post=2652"}],"version-history":[{"count":5,"href":"https:\/\/publikationen.zhdk.ch\/index.php?rest_route=\/wp\/v2\/pages\/2652\/revisions"}],"predecessor-version":[{"id":3703,"href":"https:\/\/publikationen.zhdk.ch\/index.php?rest_route=\/wp\/v2\/pages\/2652\/revisions\/3703"}],"wp:attachment":[{"href":"https:\/\/publikationen.zhdk.ch\/index.php?rest_route=%2Fwp%2Fv2%2Fmedia&parent=2652"}],"curies":[{"name":"wp","href":"https:\/\/api.w.org\/{rel}","templated":true}]}}